{"id":3980,"date":"2018-12-30T23:35:28","date_gmt":"2018-12-30T21:35:28","guid":{"rendered":"http:\/\/www.sateam.hu\/?page_id=3980"},"modified":"2022-10-26T08:44:22","modified_gmt":"2022-10-26T06:44:22","slug":"kapcsolat-%c3%baj","status":"publish","type":"page","link":"https:\/\/www.sateam.hu\/de\/kapcsolat-%c3%baj","title":{"rendered":"Kapcsolat &#8211; \u00faj"},"content":{"rendered":"<p>[et_pb_section fb_built=&#8221;1&#8243; use_custom_width=&#8221;on&#8221; width_unit=&#8221;off&#8221; custom_width_percent=&#8221;100%&#8221; use_custom_gutter=&#8221;on&#8221; specialty=&#8221;on&#8221; bg_img_2=&#8221;https:\/\/www.sateam.hu\/wp-content\/uploads\/gardener-08.jpg&#8221; padding_top_bottom_link_1=&#8221;false&#8221; padding_left_right_link_1=&#8221;false&#8221; use_background_color_gradient_2=&#8221;on&#8221; background_color_gradient_start_2=&#8221;rgba(29,38,0,0.8)&#8221; background_color_gradient_end_2=&#8221;rgba(29,38,0,0.6)&#8221; background_color_gradient_overlays_image_2=&#8221;on&#8221; padding_top_1=&#8221;6vw&#8221; padding_right_1=&#8221;4vw&#8221; padding_left_1=&#8221;8vw&#8221; padding_1_tablet=&#8221;|10%||10%||true&#8221; padding_1_last_edited=&#8221;on|desktop&#8221; admin_label=&#8221;Header&#8221; _builder_version=&#8221;3.19.2&#8243; custom_padding=&#8221;0|0px|0|0px|false|false&#8221;][et_pb_column type=&#8221;1_2&#8243; _builder_version=&#8221;3.0.47&#8243; padding_tablet=&#8221;|10%||10%||true&#8221; padding_tablet__hover=&#8221;|10%||10%||true&#8221; padding_last_edited=&#8221;on|desktop&#8221; padding_last_edited__hover=&#8221;on|desktop&#8221; padding_left=&#8221;8vw&#8221; padding_left__hover=&#8221;8vw&#8221; padding_right=&#8221;4vw&#8221; padding_right__hover=&#8221;4vw&#8221; padding_top=&#8221;6vw&#8221; padding_top__hover=&#8221;6vw&#8221; parallax=&#8221;off&#8221; parallax__hover=&#8221;off&#8221; parallax_method=&#8221;on&#8221; parallax_method__hover=&#8221;on&#8221;][et_pb_text _builder_version=&#8221;3.19.2&#8243; text_font=&#8221;||||||||&#8221; text_font_size=&#8221;18px&#8221; text_font_size_phone=&#8221;16px&#8221; text_font_size_last_edited=&#8221;on|phone&#8221; text_line_height=&#8221;2em&#8221; header_font=&#8221;Cormorant Garamond|700|||||||&#8221; header_font_size=&#8221;60px&#8221; header_font_size_tablet=&#8221;50px&#8221; header_font_size_phone=&#8221;40px&#8221; header_font_size_last_edited=&#8221;on|phone&#8221; header_line_height=&#8221;1.2em&#8221; custom_margin=&#8221;|||&#8221; locked=&#8221;off&#8221;]<\/p>\n<h1>Kapcsolat<\/h1>\n<p>Keressen fel minket szem\u00e9lyesen, l\u00e1togasson el \u00fczlet\u00fcnkbe, vagy \u00edrjon nek\u00fcnk \u00fczenetet! Munkat\u00e1rsaink 24 \u00f3r\u00e1n bel\u00fcl felveszik \u00d6nnel a kapcsolatot!<\/p>\n<p>[\/et_pb_text][et_pb_code _builder_version=&#8221;3.19.2&#8243;]\n<div class=\"wpcf7 no-js\" id=\"wpcf7-f4901-o1\" lang=\"hu-HU\" dir=\"ltr\">\n<div class=\"screen-reader-response\"><p role=\"status\" aria-live=\"polite\" aria-atomic=\"true\"><\/p> <ul><\/ul><\/div>\n<form action=\"https:\/\/www.sateam.hu\/de\/wp-json\/wp\/v2\/pages\/3980#wpcf7-f4901-o1\" method=\"post\" class=\"wpcf7-form init\" aria-label=\"Kapcsolatfelv\u00e9teli \u0171rlap\" novalidate=\"novalidate\" data-status=\"init\">\n<div style=\"display: none;\">\n<input type=\"hidden\" name=\"_wpcf7\" value=\"4901\" \/>\n<input type=\"hidden\" name=\"_wpcf7_version\" value=\"5.8.7\" \/>\n<input type=\"hidden\" name=\"_wpcf7_locale\" value=\"hu_HU\" \/>\n<input type=\"hidden\" name=\"_wpcf7_unit_tag\" value=\"wpcf7-f4901-o1\" \/>\n<input type=\"hidden\" name=\"_wpcf7_container_post\" value=\"0\" \/>\n<input type=\"hidden\" name=\"_wpcf7_posted_data_hash\" value=\"\" \/>\n<\/div>\n<p><label> N\u00e9v (k\u00f6telez\u0151)<br \/>\n<span class=\"wpcf7-form-control-wrap\" data-name=\"your-name\"><input size=\"40\" class=\"wpcf7-form-control wpcf7-text wpcf7-validates-as-required\" aria-required=\"true\" aria-invalid=\"false\" value=\"\" type=\"text\" name=\"your-name\" \/><\/span> <\/label>\n<\/p>\n<p><label> E-mail c\u00edm (k\u00f6telez\u0151)<br \/>\n<span class=\"wpcf7-form-control-wrap\" data-name=\"your-email\"><input size=\"40\" class=\"wpcf7-form-control wpcf7-email wpcf7-validates-as-required wpcf7-text wpcf7-validates-as-email\" aria-required=\"true\" aria-invalid=\"false\" value=\"\" type=\"email\" name=\"your-email\" \/><\/span> <\/label>\n<\/p>\n<p><label> T\u00e1rgy<br \/>\n<span class=\"wpcf7-form-control-wrap\" data-name=\"your-subject\"><input size=\"40\" class=\"wpcf7-form-control wpcf7-text\" aria-invalid=\"false\" value=\"\" type=\"text\" name=\"your-subject\" \/><\/span> <\/label>\n<\/p>\n<p><label> \u00dczenet<br \/>\n<span class=\"wpcf7-form-control-wrap\" data-name=\"your-message\"><textarea cols=\"40\" rows=\"10\" class=\"wpcf7-form-control wpcf7-textarea\" aria-invalid=\"false\" name=\"your-message\"><\/textarea><\/span> <\/label>\n<\/p>\n<p><input class=\"wpcf7-form-control wpcf7-submit has-spinner\" type=\"submit\" value=\"K\u00fcld\u00e9s\" \/>\n<\/p><div class=\"wpcf7-response-output\" aria-hidden=\"true\"><\/div>\n<\/form>\n<\/div>\n[\/et_pb_code][\/et_pb_column][et_pb_column type=&#8221;1_2&#8243; specialty_columns=&#8221;2&#8243; _builder_version=&#8221;3.0.47&#8243; bg_img=&#8221;https:\/\/www.sateam.hu\/wp-content\/uploads\/gardener-08.jpg&#8221; bg_img__hover=&#8221;https:\/\/www.sateam.hu\/wp-content\/uploads\/gardener-08.jpg&#8221; parallax=&#8221;off&#8221; parallax__hover=&#8221;off&#8221; parallax_method=&#8221;on&#8221; parallax_method__hover=&#8221;on&#8221; use_background_color_gradient=&#8221;on&#8221; use_background_color_gradient__hover=&#8221;on&#8221; background_color_gradient_start=&#8221;rgba(29,38,0,0.8)&#8221; background_color_gradient_start__hover=&#8221;rgba(29,38,0,0.8)&#8221; background_color_gradient_end=&#8221;rgba(29,38,0,0.6)&#8221; background_color_gradient_end__hover=&#8221;rgba(29,38,0,0.6)&#8221; background_color_gradient_overlays_image=&#8221;on&#8221; background_color_gradient_overlays_image__hover=&#8221;on&#8221;][et_pb_row_inner custom_padding=&#8221;0|0px|0|0px|false|false&#8221; use_custom_gutter=&#8221;on&#8221; gutter_width=&#8221;1&#8243; background_color_1=&#8221;#8db700&#8243; padding_top_bottom_link_1=&#8221;true&#8221; padding_left_right_link_1=&#8221;true&#8221; padding_top_1=&#8221;30px&#8221; padding_right_1=&#8221;30px&#8221; padding_bottom_1=&#8221;30px&#8221; padding_left_1=&#8221;30px&#8221; _builder_version=&#8221;3.19.2&#8243; background_image=&#8221;https:\/\/www.sateam.hu\/wp-content\/uploads\/shutterstock_669853885-2.jpg&#8221; animation_style=&#8221;slide&#8221; animation_direction=&#8221;bottom&#8221; animation_intensity_slide=&#8221;2%&#8221;][et_pb_column_inner type=&#8221;4_4&#8243; saved_specialty_column_type=&#8221;1_2&#8243; _builder_version=&#8221;3.0.47&#8243; padding_bottom=&#8221;30px&#8221; padding_bottom__hover=&#8221;30px&#8221; padding_left=&#8221;30px&#8221; padding_left__hover=&#8221;30px&#8221; padding_right=&#8221;30px&#8221; padding_right__hover=&#8221;30px&#8221; padding_top=&#8221;30px&#8221; padding_top__hover=&#8221;30px&#8221; background_color=&#8221;#8db700&#8243; background_color__hover=&#8221;#8db700&#8243; parallax=&#8221;off&#8221; parallax__hover=&#8221;off&#8221; parallax_method=&#8221;on&#8221; parallax_method__hover=&#8221;on&#8221;][et_pb_image src=&#8221;https:\/\/www.sateam.hu\/wp-content\/uploads\/gardener-02.png&#8221; force_fullwidth=&#8221;on&#8221; always_center_on_mobile=&#8221;off&#8221; disabled_on=&#8221;on|on|off&#8221; _builder_version=&#8221;3.19.2&#8243; custom_margin=&#8221;0px|||&#8221; custom_margin_phone=&#8221;-80px|||&#8221; custom_margin_last_edited=&#8221;on|tablet&#8221; animation_style=&#8221;fade&#8221; locked=&#8221;off&#8221;]<br \/>\n[\/et_pb_image][et_pb_text _builder_version=&#8221;3.19.2&#8243; header_4_font=&#8221;|700||on|||||&#8221; header_4_font_size=&#8221;14px&#8221; header_4_letter_spacing=&#8221;1px&#8221; header_4_line_height=&#8221;1.5em&#8221; background_layout=&#8221;dark&#8221; locked=&#8221;off&#8221;]<\/p>\n<h4><span style=\"color: #ffffff;\">El\u00e9rhet\u0151s\u00e9geink<\/span><\/h4>\n<p>\u00a0<\/p>\n<h4>\u00a0<\/h4>\n<p>[\/et_pb_text][et_pb_blurb title=&#8221;+ 36 23 453 453&#8243; use_icon=&#8221;on&#8221; font_icon=&#8221;%%264%%&#8221; icon_color=&#8221;#ffffff&#8221; icon_placement=&#8221;left&#8221; use_icon_font_size=&#8221;on&#8221; icon_font_size=&#8221;20px&#8221; _builder_version=&#8221;3.19.2&#8243; header_font=&#8221;|700||on|||||&#8221; header_font_size=&#8221;13px&#8221; header_letter_spacing=&#8221;2px&#8221; header_line_height=&#8221;1.8em&#8221; background_layout=&#8221;dark&#8221; custom_margin=&#8221;20px|||&#8221; animation=&#8221;off&#8221; locked=&#8221;off&#8221;][\/et_pb_blurb][et_pb_blurb title=&#8221;sateam@sateam.hu&#8221; use_icon=&#8221;on&#8221; font_icon=&#8221;%%238%%&#8221; icon_color=&#8221;#ffffff&#8221; icon_placement=&#8221;left&#8221; use_icon_font_size=&#8221;on&#8221; icon_font_size=&#8221;20px&#8221; _builder_version=&#8221;3.19.2&#8243; header_font=&#8221;|700||on|||||&#8221; header_font_size=&#8221;13px&#8221; header_letter_spacing=&#8221;2px&#8221; header_line_height=&#8221;1.8em&#8221; body_font=&#8221;||||||||&#8221; background_layout=&#8221;dark&#8221; custom_margin=&#8221;20px|||&#8221; animation=&#8221;off&#8221; locked=&#8221;off&#8221;]<br \/>\n[\/et_pb_blurb][et_pb_blurb title=&#8221;2092 Budakeszi,  P\u00e1tyi \u00fat 57.&#8221; use_icon=&#8221;on&#8221; font_icon=&#8221;%%249%%&#8221; icon_color=&#8221;#ffffff&#8221; icon_placement=&#8221;left&#8221; use_icon_font_size=&#8221;on&#8221; icon_font_size=&#8221;20px&#8221; _builder_version=&#8221;3.19.2&#8243; header_font=&#8221;|700||on|||||&#8221; header_font_size=&#8221;13px&#8221; header_letter_spacing=&#8221;2px&#8221; header_line_height=&#8221;1.8em&#8221; body_font=&#8221;||||||||&#8221; background_layout=&#8221;dark&#8221; custom_margin=&#8221;20px|||&#8221; animation=&#8221;off&#8221; locked=&#8221;off&#8221;]<br \/>\n[\/et_pb_blurb][et_pb_blurb title=&#8221;Nyitvatart\u00e1sunk: H\u00e9tf\u0151t\u0151l p\u00e9ntekig 8.00 \u00e9s 16.30 \u00f3ra k\u00f6z\u00f6tt&#8221; use_icon=&#8221;on&#8221; font_icon=&#8221;%%102%%&#8221; icon_color=&#8221;#ffffff&#8221; icon_placement=&#8221;left&#8221; use_icon_font_size=&#8221;on&#8221; icon_font_size=&#8221;20px&#8221; _builder_version=&#8221;3.19.2&#8243; header_font=&#8221;|700||on|||||&#8221; header_font_size=&#8221;13px&#8221; header_letter_spacing=&#8221;2px&#8221; header_line_height=&#8221;1.8em&#8221; background_layout=&#8221;dark&#8221; custom_margin=&#8221;20px|||&#8221; animation=&#8221;off&#8221; locked=&#8221;off&#8221;][\/et_pb_blurb][\/et_pb_column_inner][\/et_pb_row_inner][\/et_pb_column][\/et_pb_section]<\/p>\n","protected":false},"excerpt":{"rendered":"<p>[et_pb_section fb_built=&#8221;1&#8243; use_custom_width=&#8221;on&#8221; width_unit=&#8221;off&#8221; custom_width_percent=&#8221;100%&#8221; use_custom_gutter=&#8221;on&#8221; specialty=&#8221;on&#8221; bg_img_2=&#8221;https:\/\/www.sateam.hu\/wp-content\/uploads\/gardener-08.jpg&#8221; padding_top_bottom_link_1=&#8221;false&#8221; padding_left_right_link_1=&#8221;false&#8221; use_background_color_gradient_2=&#8221;on&#8221; background_color_gradient_start_2=&#8221;rgba(29,38,0,0.8)&#8221; background_color_gradient_end_2=&#8221;rgba(29,38,0,0.6)&#8221; background_color_gradient_overlays_image_2=&#8221;on&#8221; padding_top_1=&#8221;6vw&#8221; padding_right_1=&#8221;4vw&#8221; padding_left_1=&#8221;8vw&#8221; padding_1_tablet=&#8221;|10%||10%||true&#8221; padding_1_last_edited=&#8221;on|desktop&#8221; admin_label=&#8221;Header&#8221; _builder_version=&#8221;3.19.2&#8243; custom_padding=&#8221;0|0px|0|0px|false|false&#8221;][et_pb_column type=&#8221;1_2&#8243; _builder_version=&#8221;3.0.47&#8243; padding_tablet=&#8221;|10%||10%||true&#8221; padding_tablet__hover=&#8221;|10%||10%||true&#8221; padding_last_edited=&#8221;on|desktop&#8221; padding_last_edited__hover=&#8221;on|desktop&#8221; padding_left=&#8221;8vw&#8221; padding_left__hover=&#8221;8vw&#8221; padding_right=&#8221;4vw&#8221; padding_right__hover=&#8221;4vw&#8221; padding_top=&#8221;6vw&#8221; padding_top__hover=&#8221;6vw&#8221; parallax=&#8221;off&#8221; parallax__hover=&#8221;off&#8221; parallax_method=&#8221;on&#8221; parallax_method__hover=&#8221;on&#8221;][et_pb_text _builder_version=&#8221;3.19.2&#8243; text_font=&#8221;||||||||&#8221; text_font_size=&#8221;18px&#8221; text_font_size_phone=&#8221;16px&#8221; text_font_size_last_edited=&#8221;on|phone&#8221; text_line_height=&#8221;2em&#8221; header_font=&#8221;Cormorant Garamond|700|||||||&#8221; header_font_size=&#8221;60px&#8221; header_font_size_tablet=&#8221;50px&#8221; header_font_size_phone=&#8221;40px&#8221; header_font_size_last_edited=&#8221;on|phone&#8221; header_line_height=&#8221;1.2em&#8221; custom_margin=&#8221;|||&#8221; locked=&#8221;off&#8221;] Kapcsolat Keressen [&hellip;]<\/p>\n","protected":false},"author":2,"featured_media":0,"parent":0,"menu_order":0,"comment_status":"closed","ping_status":"closed","template":"","meta":{"_et_pb_use_builder":"on","_et_pb_old_content":"","_et_gb_content_width":""},"_links":{"self":[{"href":"https:\/\/www.sateam.hu\/wp-json\/wp\/v2\/pages\/3980"}],"collection":[{"href":"https:\/\/www.sateam.hu\/wp-json\/wp\/v2\/pages"}],"about":[{"href":"https:\/\/www.sateam.hu\/wp-json\/wp\/v2\/types\/page"}],"author":[{"embeddable":true,"href":"https:\/\/www.sateam.hu\/wp-json\/wp\/v2\/users\/2"}],"replies":[{"embeddable":true,"href":"https:\/\/www.sateam.hu\/wp-json\/wp\/v2\/comments?post=3980"}],"version-history":[{"count":15,"href":"https:\/\/www.sateam.hu\/wp-json\/wp\/v2\/pages\/3980\/revisions"}],"predecessor-version":[{"id":4906,"href":"https:\/\/www.sateam.hu\/wp-json\/wp\/v2\/pages\/3980\/revisions\/4906"}],"wp:attachment":[{"href":"https:\/\/www.sateam.hu\/wp-json\/wp\/v2\/media?parent=3980"}],"curies":[{"name":"wp","href":"https:\/\/api.w.org\/{rel}","templated":true}]}}