{"id":4113,"date":"2019-03-01T14:17:44","date_gmt":"2019-03-01T12:17:44","guid":{"rendered":"http:\/\/www.sateam.hu\/?page_id=4113"},"modified":"2019-03-28T14:42:21","modified_gmt":"2019-03-28T12:42:21","slug":"kerti-vil%c3%a1g%c3%adt%c3%a1s-%c3%baj","status":"publish","type":"page","link":"https:\/\/www.sateam.hu\/de\/kerti-vil%c3%a1g%c3%adt%c3%a1s-%c3%baj","title":{"rendered":"Kerti vil\u00e1g\u00edt\u00e1s \u00faj"},"content":{"rendered":"<p>[et_pb_section fb_built=&#8221;1&#8243; admin_label=&#8221;Feature&#8221; _builder_version=&#8221;3.19.2&#8243; custom_padding=&#8221;43px|0px|0px|0px|false|false&#8221;][et_pb_row custom_padding=&#8221;0|0px|0|0px|false|false&#8221; bg_img_1=&#8221;https:\/\/www.sateam.hu\/wp-content\/uploads\/shutterstock_169372529.jpg&#8221; use_background_color_gradient_1=&#8221;on&#8221; background_color_gradient_start_1=&#8221;rgba(141,183,0,0.25)&#8221; background_color_gradient_end_1=&#8221;rgba(141,183,0,0.6)&#8221; background_color_gradient_overlays_image_1=&#8221;on&#8221; padding_top_1=&#8221;60px&#8221; padding_left_1=&#8221;30px&#8221; padding_2_tablet=&#8221;0px|||&#8221; padding_2_last_edited=&#8221;off|desktop&#8221; _builder_version=&#8221;3.19.2&#8243; background_size=&#8221;initial&#8221; background_position=&#8221;bottom_right&#8221; locked=&#8221;off&#8221;][et_pb_column type=&#8221;2_3&#8243; _builder_version=&#8221;3.0.47&#8243; padding_left=&#8221;30px&#8221; padding_top=&#8221;60px&#8221; bg_img=&#8221;https:\/\/www.sateam.hu\/wp-content\/uploads\/shutterstock_169372529.jpg&#8221; parallax=&#8221;off&#8221; parallax_method=&#8221;on&#8221; use_background_color_gradient=&#8221;on&#8221; background_color_gradient_start=&#8221;rgba(141,183,0,0.25)&#8221; background_color_gradient_end=&#8221;rgba(141,183,0,0.6)&#8221; background_color_gradient_overlays_image=&#8221;on&#8221;][et_pb_text _builder_version=&#8221;3.19.2&#8243; text_font=&#8221;||||||||&#8221; text_font_size=&#8221;16px&#8221; text_line_height=&#8221;2em&#8221; header_2_font=&#8221;Cormorant Garamond|700|||||||&#8221; header_2_font_size=&#8221;52px&#8221; header_2_font_size_tablet=&#8221;42px&#8221; header_2_font_size_phone=&#8221;32px&#8221; header_2_font_size_last_edited=&#8221;on|desktop&#8221; header_2_line_height=&#8221;1.2em&#8221; background_layout=&#8221;dark&#8221; max_width=&#8221;80%&#8221; custom_margin=&#8221;|||&#8221; custom_padding=&#8221;||||false&#8221; locked=&#8221;off&#8221;]<\/p>\n<h2>Kerti vil\u00e1g\u00edt\u00e1s<\/h2>\n<p>[\/et_pb_text][et_pb_text _builder_version=&#8221;3.12&#8243; text_font=&#8221;||||||||&#8221; text_font_size=&#8221;16px&#8221; text_font_size_phone=&#8221;14px&#8221; text_font_size_last_edited=&#8221;on|phone&#8221; text_line_height=&#8221;2em&#8221; header_font=&#8221;||||||||&#8221; header_3_font=&#8221;|700||on|||||&#8221; header_3_font_size=&#8221;20px&#8221; header_3_letter_spacing=&#8221;1px&#8221; header_3_line_height=&#8221;1.7em&#8221; background_color=&#8221;#ffffff&#8221; max_width=&#8221;70%&#8221; max_width_tablet=&#8221;90%&#8221; max_width_phone=&#8221;100%&#8221; max_width_last_edited=&#8221;on|phone&#8221; module_alignment=&#8221;right&#8221; custom_margin=&#8221;|||&#8221; custom_padding=&#8221;45px|0px|45px|30px|true|false&#8221; animation_style=&#8221;slide&#8221; animation_direction=&#8221;right&#8221; animation_intensity_slide=&#8221;5%&#8221; animation_starting_opacity=&#8221;100%&#8221; locked=&#8221;off&#8221;]<\/p>\n<div class=\"page\" title=\"Page 2\">\n<div class=\"section\">\n<div class=\"layoutArea\">\n<div class=\"column\">\n<p><span><\/span><\/p>\n<\/div>\n<\/div>\n<\/div>\n<\/div>\n<div class=\"page\" title=\"Page 8\">\n<div class=\"section\">\n<div class=\"layoutArea\">\n<div class=\"column\">\n<ul>\n<li>\n<p><span>Egy k\u00f6zponti <\/span><span>230 voltos csatlakoz\u00f3 elegend\u0151 a kert nagy r\u00e9sz\u00e9nek bet\u00e1pl\u00e1l\u00e1s\u00e1ra egy 12 voltos transzform\u00e1tor seg\u00edts\u00e9g\u00e9vel. Ez a csatlakoz\u00f3 lehet a h\u00e1z\u00e1ban, a gar\u00e1zsban, vagy egy v\u00edz\u00e1ll\u00f3 k\u00fclt\u00e9ri csatlakoz\u00f3 is.\u00a0<\/span><\/p>\n<\/li>\n<li>\n<p><span>A 230 voltos rendszerrel ellent\u00e9tben a 12 voltos rendszer nem ig\u00e9nyel f\u00e9l m\u00e9terrel a f\u00f6ld al\u00e1 telep\u00edtend\u0151 vezet\u00e9krendszert, \u00edgy \u00e1tvezetheti a k\u00e1beleket ker\u00edt\u00e9seken \u00e9s falakon is.<\/span><\/p>\n<\/li>\n<li>\n<p><span>A terhel\u00e9st\u0151l megfelel\u0151en a maxim\u00e1lis lehets\u00e9ges k\u00e1belhossz lehet ak\u00e1r 80 m\u00e9ter is.<\/span><\/p>\n<\/li>\n<li>\n<p><span>Extra biztons\u00e1g bebiztos\u00edt\u00e1s\u00e1ra haszn\u00e1lhatja az id\u0151z\u00edt\u0151s alkonykapcsol\u00f3inkat vagy a\u00a0<\/span><span>mozg\u00e1sdetektorainkat.<\/span><\/p>\n<\/li>\n<li>\n<p><span>A t\u00e1vir\u00e1ny\u00edt\u00f3 seg\u00edts\u00e9g\u00e9vel l\u00e9trehozhat ak\u00e1r 9 k\u00fcl\u00f6n egym\u00e1st\u00f3l f\u00fcggetlen\u00a0<\/span><span>l\u00e1mpacsoportot is.<\/span><\/p>\n<\/li>\n<\/ul>\n<\/div>\n<\/div>\n<\/div>\n<\/div>\n<p>[\/et_pb_text][\/et_pb_column][et_pb_column type=&#8221;1_3&#8243; _builder_version=&#8221;3.0.47&#8243; padding_tablet=&#8221;0px|||&#8221; padding_last_edited=&#8221;off|desktop&#8221; parallax=&#8221;off&#8221; parallax_method=&#8221;on&#8221;][et_pb_blurb title=&#8221;Takar\u00edtson meg energi\u00e1t LED vil\u00e1g\u00edt\u00e1ssal!&#8221; use_icon=&#8221;on&#8221; font_icon=&#8221;%%202%%&#8221; icon_color=&#8221;#8db700&#8243; icon_placement=&#8221;left&#8221; content_max_width=&#8221;1100px&#8221; use_icon_font_size=&#8221;on&#8221; icon_font_size=&#8221;20px&#8221; _builder_version=&#8221;3.19.2&#8243; header_font=&#8221;|600|||||||&#8221; header_font_size=&#8221;14px&#8221; header_line_height=&#8221;1.4em&#8221; custom_margin=&#8221;||10px|&#8221; animation_style=&#8221;slide&#8221; animation_direction=&#8221;left&#8221; animation_intensity_slide=&#8221;4%&#8221; animation=&#8221;off&#8221; locked=&#8221;off&#8221;][\/et_pb_blurb][et_pb_blurb title=&#8221;K\u00f6nnyen, egyszer\u0171en \u00e9s biztons\u00e1gosan tervezhet\u0151, telep\u00edthet\u0151 \u00e9s v\u00e1ltoztathat\u00f3&#8221; use_icon=&#8221;on&#8221; font_icon=&#8221;%%202%%&#8221; icon_color=&#8221;#8db700&#8243; icon_placement=&#8221;left&#8221; content_max_width=&#8221;1100px&#8221; use_icon_font_size=&#8221;on&#8221; icon_font_size=&#8221;20px&#8221; _builder_version=&#8221;3.19.2&#8243; header_font=&#8221;|600|||||||&#8221; header_font_size=&#8221;14px&#8221; header_line_height=&#8221;1.4em&#8221; custom_margin=&#8221;||10px|&#8221; animation_style=&#8221;slide&#8221; animation_direction=&#8221;left&#8221; animation_intensity_slide=&#8221;4%&#8221; animation=&#8221;off&#8221; locked=&#8221;off&#8221;][\/et_pb_blurb][et_pb_blurb title=&#8221;Csatlakoztathat\u00f3 k\u00e1belek \u00e9s l\u00e1mp\u00e1k&#8221; use_icon=&#8221;on&#8221; font_icon=&#8221;%%202%%&#8221; icon_color=&#8221;#8db700&#8243; icon_placement=&#8221;left&#8221; content_max_width=&#8221;1100px&#8221; use_icon_font_size=&#8221;on&#8221; icon_font_size=&#8221;20px&#8221; _builder_version=&#8221;3.19.2&#8243; header_font=&#8221;|600|||||||&#8221; header_font_size=&#8221;14px&#8221; header_line_height=&#8221;1.4em&#8221; custom_margin=&#8221;||10px|&#8221; animation_style=&#8221;slide&#8221; animation_direction=&#8221;left&#8221; animation_intensity_slide=&#8221;4%&#8221; animation=&#8221;off&#8221; locked=&#8221;off&#8221;][\/et_pb_blurb][et_pb_blurb title=&#8221;Alacsony fogyaszt\u00e1s, hossz\u00fa \u00e9lettartam&#8221; use_icon=&#8221;on&#8221; font_icon=&#8221;%%202%%&#8221; icon_color=&#8221;#8db700&#8243; icon_placement=&#8221;left&#8221; content_max_width=&#8221;1100px&#8221; use_icon_font_size=&#8221;on&#8221; icon_font_size=&#8221;20px&#8221; _builder_version=&#8221;3.19.2&#8243; header_font=&#8221;|600|||||||&#8221; header_font_size=&#8221;14px&#8221; header_line_height=&#8221;1.4em&#8221; custom_margin=&#8221;||10px|&#8221; animation_style=&#8221;slide&#8221; animation_direction=&#8221;left&#8221; animation_intensity_slide=&#8221;4%&#8221; animation=&#8221;off&#8221; locked=&#8221;off&#8221;][\/et_pb_blurb][\/et_pb_column][\/et_pb_row][et_pb_row custom_padding=&#8221;29px|0px|11px|0px|false|false&#8221; _builder_version=&#8221;3.19.2&#8243;][et_pb_column type=&#8221;2_5&#8243; _builder_version=&#8221;3.0.47&#8243; parallax=&#8221;off&#8221; parallax_method=&#8221;on&#8221;][et_pb_text _builder_version=&#8221;3.19.2&#8243; text_font=&#8221;||||||||&#8221; text_font_size=&#8221;16px&#8221; text_line_height=&#8221;2em&#8221;]<\/p>\n<h2><strong><\/strong><\/h2>\n<h2><strong><\/strong><\/h2>\n<h2><strong style=\"font-size: 23px;\">Gyors telep\u00edt\u00e9s, do it yourself!<\/strong><\/h2>\n<p>\u00a0<span style=\"font-size: 16px;\">A Plug and Play rendszer lehet\u0151v\u00e9 teszi, hogy \u00d6n is nagyszer\u0171 vil\u00e1g\u00edt\u00e1st telep\u00edthessen. A Garden Lights v\u00e1laszt\u00e9k, villamoss\u00e1gi szakember seg\u00edts\u00e9ge n\u00e9lk\u00fcl k\u00f6nnyen \u00e9s egyszer\u00fcen telep\u00edthet\u0151 vil\u00e1g\u00edt\u00f3 rendszert k\u00edn\u00e1l. Minden l\u00e1mpa 2- vagy 3- m\u00e9ter hossz\u00fa k\u00e1bellel \u00e9s cseppv\u00e9dett csatlakoz\u00f3val van ell\u00e1tva. A csatlakoz\u00f3k b\u00e1rhol r\u00e1kapcsolhat\u00f3ak a transzform\u00e1tort\u00f3l vezetett alacsonyfesz\u00fclts\u00e9g\u0171 vezet\u00e9kre. Minden vezet\u00e9k k\u00f6nnyen \u00f6sszek\u00f6thet\u0151 a k\u00f6z\u00f6s csatlakoz\u00f3k seg\u00edts\u00e9g\u00e9vel.<\/span><\/p>\n<h2><strong><\/strong><\/h2>\n<h2><strong><\/strong><\/h2>\n<p>Katal\u00f3gusaink:<\/p>\n<p><span><\/span><a href=\"https:\/\/drive.google.com\/open?id=1FAZBGXZHJEXb0xeOLzLACgUgB8O5c94D\">Garden Lights katal\u00f3gus<\/a><\/p>\n<p><a href=\"https:\/\/drive.google.com\/open?id=1s0EXdXMgPahtkJIvsuV0TkSMopbH4cWR\u00a0\">Light Pro katal\u00f3gus<\/a><\/p>\n<p><span><\/span><\/p>\n<p>[\/et_pb_text][\/et_pb_column][et_pb_column type=&#8221;3_5&#8243; _builder_version=&#8221;3.0.47&#8243; parallax=&#8221;off&#8221; parallax_method=&#8221;on&#8221;][et_pb_image src=&#8221;https:\/\/www.sateam.hu\/wp-content\/uploads\/K\u00e9perny\u0151fot\u00f3-2019-01-08-15.00.16.png&#8221; _builder_version=&#8221;3.19.2&#8243;][\/et_pb_image][\/et_pb_column][\/et_pb_row][et_pb_row _builder_version=&#8221;3.19.2&#8243;][et_pb_column type=&#8221;4_4&#8243; _builder_version=&#8221;3.19.2&#8243; parallax=&#8221;off&#8221; parallax_method=&#8221;on&#8221;][et_pb_video src=&#8221;https:\/\/www.youtube.com\/watch?v=Kw8gS283F0U&#8221; _builder_version=&#8221;3.19.2&#8243;][\/et_pb_video][\/et_pb_column][\/et_pb_row][\/et_pb_section][et_pb_section fb_built=&#8221;1&#8243; _builder_version=&#8221;3.12&#8243; custom_padding=&#8221;|0px|0|0px|false|false&#8221;][et_pb_row make_fullwidth=&#8221;on&#8221; use_custom_gutter=&#8221;on&#8221; gutter_width=&#8221;1&#8243; custom_padding=&#8221;47px|0px|0|0px|false|false&#8221; make_equal=&#8221;on&#8221; padding_left_right_link_3=&#8221;true&#8221; padding_top_3=&#8221;60px&#8221; padding_right_3=&#8221;8%&#8221; padding_left_3=&#8221;8%&#8221; padding_1_tablet=&#8221;|10%||10%||true&#8221; padding_2_tablet=&#8221;|10%||10%||true&#8221; padding_3_tablet=&#8221;|10%||10%||true&#8221; padding_1_last_edited=&#8221;off|desktop&#8221; padding_2_last_edited=&#8221;off|desktop&#8221; padding_3_last_edited=&#8221;on|tablet&#8221; _builder_version=&#8221;3.12&#8243; locked=&#8221;off&#8221;][et_pb_column type=&#8221;1_4&#8243; _builder_version=&#8221;3.0.47&#8243; padding_tablet=&#8221;|10%||10%||true&#8221; padding_last_edited=&#8221;off|desktop&#8221; parallax=&#8221;off&#8221; parallax_method=&#8221;on&#8221;][et_pb_image src=&#8221;https:\/\/www.sateam.hu\/wp-content\/uploads\/K\u00e9perny\u0151fot\u00f3-2019-01-08-15.00.16.png&#8221; show_in_lightbox=&#8221;on&#8221; use_overlay=&#8221;on&#8221; overlay_icon_color=&#8221;#ffffff&#8221; hover_overlay_color=&#8221;rgba(29,38,0,0.6)&#8221; force_fullwidth=&#8221;on&#8221; _builder_version=&#8221;3.19.2&#8243; locked=&#8221;off&#8221;][\/et_pb_image][et_pb_image src=&#8221;https:\/\/www.sateam.hu\/wp-content\/uploads\/K\u00e9perny\u0151fot\u00f3-2019-01-08-15.00.27.png&#8221; show_in_lightbox=&#8221;on&#8221; use_overlay=&#8221;on&#8221; overlay_icon_color=&#8221;#ffffff&#8221; hover_overlay_color=&#8221;rgba(29,38,0,0.6)&#8221; force_fullwidth=&#8221;on&#8221; _builder_version=&#8221;3.19.2&#8243; locked=&#8221;off&#8221;][\/et_pb_image][\/et_pb_column][et_pb_column type=&#8221;1_4&#8243; _builder_version=&#8221;3.0.47&#8243; padding_tablet=&#8221;|10%||10%||true&#8221; padding_last_edited=&#8221;off|desktop&#8221; parallax=&#8221;off&#8221; parallax_method=&#8221;on&#8221;][et_pb_image src=&#8221;https:\/\/www.sateam.hu\/wp-content\/uploads\/K\u00e9perny\u0151fot\u00f3-2019-01-08-15.00.42.png&#8221; show_in_lightbox=&#8221;on&#8221; use_overlay=&#8221;on&#8221; overlay_icon_color=&#8221;#ffffff&#8221; hover_overlay_color=&#8221;rgba(29,38,0,0.6)&#8221; force_fullwidth=&#8221;on&#8221; _builder_version=&#8221;3.19.2&#8243; locked=&#8221;off&#8221;][\/et_pb_image][et_pb_image src=&#8221;https:\/\/www.sateam.hu\/wp-content\/uploads\/K\u00e9perny\u0151fot\u00f3-2019-01-08-15.00.34.png&#8221; show_in_lightbox=&#8221;on&#8221; use_overlay=&#8221;on&#8221; overlay_icon_color=&#8221;#ffffff&#8221; hover_overlay_color=&#8221;rgba(29,38,0,0.6)&#8221; force_fullwidth=&#8221;on&#8221; _builder_version=&#8221;3.19.2&#8243; locked=&#8221;off&#8221;][\/et_pb_image][\/et_pb_column][et_pb_column type=&#8221;1_2&#8243; _builder_version=&#8221;3.0.47&#8243; padding_tablet=&#8221;|10%||10%||true&#8221; padding_last_edited=&#8221;on|tablet&#8221; padding_left=&#8221;8%&#8221; padding_right=&#8221;8%&#8221; padding_top=&#8221;60px&#8221; parallax=&#8221;off&#8221; parallax_method=&#8221;on&#8221;][et_pb_text _builder_version=&#8221;3.19.2&#8243; text_font=&#8221;||||||||&#8221; text_font_size=&#8221;16px&#8221; text_font_size_phone=&#8221;14px&#8221; text_font_size_last_edited=&#8221;on|phone&#8221; text_line_height=&#8221;2em&#8221; header_2_font=&#8221;Cormorant Garamond|700|||||||&#8221; header_2_font_size=&#8221;52px&#8221; header_2_font_size_tablet=&#8221;42px&#8221; header_2_font_size_phone=&#8221;32px&#8221; header_2_font_size_last_edited=&#8221;on|desktop&#8221; header_2_line_height=&#8221;1.2em&#8221; custom_margin=&#8221;|||&#8221; locked=&#8221;off&#8221;]<\/p>\n<h2><\/h2>\n<h2><\/h2>\n<h2><\/h2>\n<h2>Rendeljen most!<\/h2>\n<p>Amennyiben kerti vil\u00e1g\u00edt\u00e1st szeretne telep\u00edteni vagy ehhez k\u00e9r szakmai seg\u00edts\u00e9get, l\u00e1togassa meg \u00fczlet\u00fcnket, vagy \u00edrjon nek\u00fcnk, \u00e9s seg\u00edt\u00fcnk a megfelel\u0151 vil\u00e1g\u00edt\u00e1s kiv\u00e1laszt\u00e1s\u00e1ban!\u00a0<\/p>\n<p>Ha nem tudja, mit \u00e9s hogyan vil\u00e1g\u00edtson meg, melyik l\u00e1mpa mennyi ideig \u00e9gjen, milyen sz\u00edn\u0171 legyen a vil\u00e1g\u00edt\u00e1s, term\u00e9szetes vagy mesters\u00e9ges f\u00e9nyt szeretne, l\u00e1togasson el hozz\u00e1nk, besz\u00e9lj\u00fck \u00e1t elk\u00e9pzel\u00e9seit!<\/p>\n<p>Ha online szeretne rendelni, n\u00e9zze \u00e1t katal\u00f3gusunkat, k\u00fcldje \u00e1t e-mailben, melyik tetszene \u00e9s elk\u00fcldj\u00fck \u00d6nnek \u00e1raj\u00e1nlatunkat!<\/p>\n<p>Az \u00e1raj\u00e1nlat elfogad\u00e1s\u00e1t k\u00f6vet\u0151en \u00e1tveheti a term\u00e9keket szem\u00e9lyesen, vagy elk\u00fcldj\u00fck \u00d6nnek fut\u00e1rszolg\u00e1lattal is!<\/p>\n<p>&nbsp;<\/p>\n<p>[\/et_pb_text][\/et_pb_column][\/et_pb_row][et_pb_row custom_padding=&#8221;11px|0px|0|0px|false|false&#8221; _builder_version=&#8221;3.19.2&#8243;][et_pb_column type=&#8221;4_4&#8243; _builder_version=&#8221;3.19.2&#8243; parallax=&#8221;off&#8221; parallax_method=&#8221;on&#8221;][et_pb_divider show_divider=&#8221;off&#8221; _builder_version=&#8221;3.19.2&#8243;][\/et_pb_divider][\/et_pb_column][\/et_pb_row][\/et_pb_section][et_pb_section fb_built=&#8221;1&#8243; specialty=&#8221;on&#8221; custom_padding_last_edited=&#8221;on|phone&#8221; padding_1_tablet=&#8221;|10%||10%||true&#8221; admin_label=&#8221;Footer&#8221; _builder_version=&#8221;3.19.2&#8243; use_background_color_gradient=&#8221;on&#8221; background_color_gradient_start=&#8221;rgba(29,38,0,0.85)&#8221; background_color_gradient_end=&#8221;rgba(29,38,0,0.6)&#8221; background_color_gradient_direction=&#8221;45deg&#8221; background_color_gradient_overlays_image=&#8221;on&#8221; background_image=&#8221;https:\/\/www.sateam.hu\/wp-content\/uploads\/shutterstock_708834661.jpg&#8221; custom_padding=&#8221;82px|0px|82px|0px|true|false&#8221; custom_padding_phone=&#8221;0||0||true|false&#8221; saved_tabs=&#8221;all&#8221;][et_pb_column type=&#8221;1_2&#8243; specialty_columns=&#8221;2&#8243; _builder_version=&#8221;3.0.47&#8243; padding_tablet__hover=&#8221;|10%||10%||true&#8221; parallax__hover=&#8221;off&#8221; parallax_method__hover=&#8221;on&#8221; padding_tablet=&#8221;|10%||10%||true&#8221; parallax=&#8221;off&#8221; parallax_method=&#8221;on&#8221;][et_pb_row_inner custom_padding=&#8221;|30px||30px|false|true&#8221; background_color_2=&#8221;#ffffff&#8221; padding_top_bottom_link_2=&#8221;true&#8221; padding_left_right_link_2=&#8221;true&#8221; padding_top_2=&#8221;30px&#8221; padding_right_2=&#8221;30px&#8221; padding_bottom_2=&#8221;30px&#8221; padding_left_2=&#8221;30px&#8221; _builder_version=&#8221;3.11&#8243; background_color=&#8221;#ffffff&#8221;][et_pb_column_inner type=&#8221;4_4&#8243; saved_specialty_column_type=&#8221;1_2&#8243; _builder_version=&#8221;3.0.47&#8243; parallax__hover=&#8221;off&#8221; parallax_method__hover=&#8221;on&#8221; parallax=&#8221;off&#8221; parallax_method=&#8221;on&#8221;][et_pb_text _builder_version=&#8221;3.11&#8243; text_font=&#8221;||||||||&#8221; header_font=&#8221;||||||||&#8221; header_4_font=&#8221;|700||on|||||&#8221; header_4_text_color=&#8221;rgba(0,0,0,0.5)&#8221; header_4_font_size=&#8221;14px&#8221; header_4_letter_spacing=&#8221;1px&#8221; header_4_line_height=&#8221;1.5em&#8221;]<\/p>\n<h4>el\u00e9rhet\u0151s\u00e9geink<\/h4>\n<p>[\/et_pb_text][et_pb_blurb title=&#8221;+ 36 23 453 453&#8243; use_icon=&#8221;on&#8221; font_icon=&#8221;%%264%%&#8221; icon_color=&#8221;#293600&#8243; icon_placement=&#8221;left&#8221; use_icon_font_size=&#8221;on&#8221; icon_font_size=&#8221;20px&#8221; _builder_version=&#8221;3.19.2&#8243; header_font=&#8221;|700||on|||||&#8221; header_text_color=&#8221;#1d2600&#8243; header_font_size=&#8221;11px&#8221; header_letter_spacing=&#8221;2px&#8221; header_line_height=&#8221;1.8em&#8221; background_layout=&#8221;dark&#8221; custom_margin=&#8221;20px|||&#8221; animation=&#8221;off&#8221;][\/et_pb_blurb][et_pb_blurb title=&#8221;sateam@sateam.hu&#8221; use_icon=&#8221;on&#8221; font_icon=&#8221;%%238%%&#8221; icon_color=&#8221;#293600&#8243; icon_placement=&#8221;left&#8221; use_icon_font_size=&#8221;on&#8221; icon_font_size=&#8221;20px&#8221; _builder_version=&#8221;3.19.2&#8243; header_font=&#8221;|700||on|||||&#8221; header_text_color=&#8221;#1d2600&#8243; header_font_size=&#8221;11px&#8221; header_letter_spacing=&#8221;2px&#8221; header_line_height=&#8221;1.8em&#8221; background_layout=&#8221;dark&#8221; custom_margin=&#8221;20px|||&#8221; animation=&#8221;off&#8221;][\/et_pb_blurb][et_pb_blurb title=&#8221;2092 Budakeszi, P\u00e1tyi \u00fat 57.&#8221; use_icon=&#8221;on&#8221; font_icon=&#8221;%%249%%&#8221; icon_color=&#8221;#293600&#8243; icon_placement=&#8221;left&#8221; use_icon_font_size=&#8221;on&#8221; icon_font_size=&#8221;20px&#8221; _builder_version=&#8221;3.19.2&#8243; header_font=&#8221;|700||on|||||&#8221; header_text_color=&#8221;#1d2600&#8243; header_font_size=&#8221;11px&#8221; header_letter_spacing=&#8221;2px&#8221; header_line_height=&#8221;1.8em&#8221; background_layout=&#8221;dark&#8221; custom_margin=&#8221;20px|||&#8221; animation=&#8221;off&#8221;][\/et_pb_blurb][\/et_pb_column_inner][\/et_pb_row_inner][et_pb_row_inner custom_padding=&#8221;0||||false|false&#8221; _builder_version=&#8221;3.11&#8243;][et_pb_column_inner type=&#8221;4_4&#8243; saved_specialty_column_type=&#8221;1_2&#8243; _builder_version=&#8221;3.0.47&#8243; parallax__hover=&#8221;off&#8221; parallax_method__hover=&#8221;on&#8221; parallax=&#8221;off&#8221; parallax_method=&#8221;on&#8221;][et_pb_button button_text=&#8221;K\u00fcldj\u00f6n \u00fczenetet!&#8221; button_alignment=&#8221;right&#8221; _builder_version=&#8221;3.19.2&#8243; custom_button=&#8221;on&#8221; button_text_size=&#8221;16px&#8221; button_bg_color=&#8221;#ffb031&#8243; button_border_width=&#8221;0px&#8221; button_border_radius=&#8221;0px&#8221; button_letter_spacing=&#8221;2px&#8221; button_font=&#8221;|700||on|||||&#8221; button_icon=&#8221;%%3%%&#8221; background_layout=&#8221;dark&#8221; custom_margin=&#8221;|||&#8221; custom_padding=&#8221;16px|40px|16px|40px|true|true&#8221; animation_style=&#8221;fold&#8221; animation_direction=&#8221;top&#8221; locked=&#8221;off&#8221; button_text_size__hover_enabled=&#8221;off&#8221; button_one_text_size__hover_enabled=&#8221;off&#8221; button_two_text_size__hover_enabled=&#8221;off&#8221; button_text_color__hover_enabled=&#8221;off&#8221; button_one_text_color__hover_enabled=&#8221;off&#8221; button_two_text_color__hover_enabled=&#8221;off&#8221; button_border_width__hover_enabled=&#8221;off&#8221; button_one_border_width__hover_enabled=&#8221;off&#8221; button_two_border_width__hover_enabled=&#8221;off&#8221; button_border_color__hover_enabled=&#8221;off&#8221; button_one_border_color__hover_enabled=&#8221;off&#8221; button_two_border_color__hover_enabled=&#8221;off&#8221; button_border_radius__hover_enabled=&#8221;off&#8221; button_one_border_radius__hover_enabled=&#8221;off&#8221; button_two_border_radius__hover_enabled=&#8221;off&#8221; button_letter_spacing__hover_enabled=&#8221;off&#8221; button_one_letter_spacing__hover_enabled=&#8221;off&#8221; button_two_letter_spacing__hover_enabled=&#8221;off&#8221; button_bg_color__hover_enabled=&#8221;off&#8221; button_one_bg_color__hover_enabled=&#8221;off&#8221; button_two_bg_color__hover_enabled=&#8221;off&#8221;][\/et_pb_button][\/et_pb_column_inner][\/et_pb_row_inner][\/et_pb_column][et_pb_column type=&#8221;1_2&#8243; _builder_version=&#8221;3.0.47&#8243; parallax__hover=&#8221;off&#8221; parallax_method__hover=&#8221;on&#8221; parallax=&#8221;off&#8221; parallax_method=&#8221;on&#8221;][et_pb_text _builder_version=&#8221;3.11&#8243; text_font=&#8221;||||||||&#8221; text_font_size=&#8221;16px&#8221; text_line_height=&#8221;2em&#8221; header_2_font=&#8221;Cormorant Garamond|700|||||||&#8221; header_2_font_size=&#8221;52px&#8221; header_2_font_size_tablet=&#8221;42px&#8221; header_2_font_size_phone=&#8221;32px&#8221; header_2_font_size_last_edited=&#8221;on|desktop&#8221; header_2_line_height=&#8221;1.2em&#8221; background_layout=&#8221;dark&#8221; custom_margin=&#8221;|||&#8221; locked=&#8221;off&#8221;]<\/p>\n<h2>Seg\u00edt\u00fcnk \u00d6nnek megtal\u00e1lni a legjobb kert\u00e9p\u00edt\u0151t!<\/h2>\n<p>Szeretn\u00e9 elk\u00e9sz\u00edttetni \u00e1lmai kertj\u00e9t? Van esetleg konkr\u00e9t elk\u00e9pzel\u00e9se is? Keressen minket el\u00e9rhet\u0151s\u00e9geinken \u00e9s seg\u00edt\u00fcnk megtal\u00e1lni a megfelel\u0151 szakembert!<\/p>\n<p>[\/et_pb_text][\/et_pb_column][\/et_pb_section]<\/p>\n","protected":false},"excerpt":{"rendered":"<p>[et_pb_section fb_built=&#8221;1&#8243; admin_label=&#8221;Feature&#8221; _builder_version=&#8221;3.19.2&#8243; custom_padding=&#8221;43px|0px|0px|0px|false|false&#8221;][et_pb_row custom_padding=&#8221;0|0px|0|0px|false|false&#8221; bg_img_1=&#8221;https:\/\/www.sateam.hu\/wp-content\/uploads\/shutterstock_169372529.jpg&#8221; use_background_color_gradient_1=&#8221;on&#8221; background_color_gradient_start_1=&#8221;rgba(141,183,0,0.25)&#8221; background_color_gradient_end_1=&#8221;rgba(141,183,0,0.6)&#8221; background_color_gradient_overlays_image_1=&#8221;on&#8221; padding_top_1=&#8221;60px&#8221; padding_left_1=&#8221;30px&#8221; padding_2_tablet=&#8221;0px|||&#8221; padding_2_last_edited=&#8221;off|desktop&#8221; _builder_version=&#8221;3.19.2&#8243; background_size=&#8221;initial&#8221; background_position=&#8221;bottom_right&#8221; locked=&#8221;off&#8221;][et_pb_column type=&#8221;2_3&#8243; _builder_version=&#8221;3.0.47&#8243; padding_left=&#8221;30px&#8221; padding_top=&#8221;60px&#8221; bg_img=&#8221;https:\/\/www.sateam.hu\/wp-content\/uploads\/shutterstock_169372529.jpg&#8221; parallax=&#8221;off&#8221; parallax_method=&#8221;on&#8221; use_background_color_gradient=&#8221;on&#8221; background_color_gradient_start=&#8221;rgba(141,183,0,0.25)&#8221; background_color_gradient_end=&#8221;rgba(141,183,0,0.6)&#8221; background_color_gradient_overlays_image=&#8221;on&#8221;][et_pb_text _builder_version=&#8221;3.19.2&#8243; text_font=&#8221;||||||||&#8221; text_font_size=&#8221;16px&#8221; text_line_height=&#8221;2em&#8221; header_2_font=&#8221;Cormorant Garamond|700|||||||&#8221; header_2_font_size=&#8221;52px&#8221; header_2_font_size_tablet=&#8221;42px&#8221; header_2_font_size_phone=&#8221;32px&#8221; header_2_font_size_last_edited=&#8221;on|desktop&#8221; header_2_line_height=&#8221;1.2em&#8221; background_layout=&#8221;dark&#8221; max_width=&#8221;80%&#8221; custom_margin=&#8221;|||&#8221; custom_padding=&#8221;||||false&#8221; locked=&#8221;off&#8221;] Kerti vil\u00e1g\u00edt\u00e1s [\/et_pb_text][et_pb_text _builder_version=&#8221;3.12&#8243; text_font=&#8221;||||||||&#8221; text_font_size=&#8221;16px&#8221; text_font_size_phone=&#8221;14px&#8221; text_font_size_last_edited=&#8221;on|phone&#8221; text_line_height=&#8221;2em&#8221; [&hellip;]<\/p>\n","protected":false},"author":2,"featured_media":0,"parent":0,"menu_order":0,"comment_status":"closed","ping_status":"closed","template":"","meta":{"_et_pb_use_builder":"on","_et_pb_old_content":"","_et_gb_content_width":""},"_links":{"self":[{"href":"https:\/\/www.sateam.hu\/wp-json\/wp\/v2\/pages\/4113"}],"collection":[{"href":"https:\/\/www.sateam.hu\/wp-json\/wp\/v2\/pages"}],"about":[{"href":"https:\/\/www.sateam.hu\/wp-json\/wp\/v2\/types\/page"}],"author":[{"embeddable":true,"href":"https:\/\/www.sateam.hu\/wp-json\/wp\/v2\/users\/2"}],"replies":[{"embeddable":true,"href":"https:\/\/www.sateam.hu\/wp-json\/wp\/v2\/comments?post=4113"}],"version-history":[{"count":21,"href":"https:\/\/www.sateam.hu\/wp-json\/wp\/v2\/pages\/4113\/revisions"}],"predecessor-version":[{"id":4683,"href":"https:\/\/www.sateam.hu\/wp-json\/wp\/v2\/pages\/4113\/revisions\/4683"}],"wp:attachment":[{"href":"https:\/\/www.sateam.hu\/wp-json\/wp\/v2\/media?parent=4113"}],"curies":[{"name":"wp","href":"https:\/\/api.w.org\/{rel}","templated":true}]}}