{"id":3867,"date":"2017-05-09T14:34:44","date_gmt":"2017-05-09T12:34:44","guid":{"rendered":"http:\/\/www.sateam.hu\/?page_id=3867"},"modified":"2017-05-09T14:59:17","modified_gmt":"2017-05-09T12:59:17","slug":"riaszt%c3%b3-kaputelefon","status":"publish","type":"page","link":"https:\/\/www.sateam.hu\/ro\/riaszt%c3%b3-kaputelefon","title":{"rendered":"Riaszt\u00f3, kaputelefon"},"content":{"rendered":"<p>[et_pb_section admin_label=&#8221;section&#8221;][et_pb_row admin_label=&#8221;row&#8221;][et_pb_column type=&#8221;1_2&#8243;][et_pb_text admin_label=&#8221;Sz\u00f6veg&#8221; background_layout=&#8221;light&#8221; text_orientation=&#8221;center&#8221; use_border_color=&#8221;off&#8221; border_color=&#8221;#ffffff&#8221; border_style=&#8221;solid&#8221;]<\/p>\n<h3>VEZET\u00c9KES \u00c9S VEZET\u00c9K N\u00c9LK\u00dcLI<\/h3>\n<h3>KAPUTELEFON \u00c9S RIASZT\u00d3SZEREL\u00c9S<\/h3>\n<p>[\/et_pb_text][et_pb_text admin_label=&#8221;Sz\u00f6veg&#8221; background_layout=&#8221;light&#8221; text_orientation=&#8221;center&#8221; use_border_color=&#8221;off&#8221; border_color=&#8221;#ffffff&#8221; border_style=&#8221;solid&#8221;]<\/p>\n<p>Szeretn\u00e9 biztons\u00e1gban \u00e9rezni mag\u00e1t?&nbsp;Riaszt\u00f3ra vagy kaputelefonra lenne sz\u00fcks\u00e9ge, de nem szeretn\u00e9 sz\u00e9tv\u00e9sni a falakat?&nbsp;Lecser\u00e9ln\u00e9 r\u00e9gi k\u00e9sz\u00fcl\u00e9k\u00e9t?&nbsp;A kertj\u00e9ben, mobilon szeretn\u00e9 l\u00e1tni, ki csengetett be? Vagy csak egyszer\u0171en probl\u00e9m\u00e1ja van a jelenlegi riaszt\u00f3rendszer programoz\u00e1s\u00e1val?&nbsp;Minden k\u00edv\u00e1ns\u00e1g\u00e1ra van megold\u00e1s! V\u00e1llalkoz\u00e1sunk vezet\u00e9kes \u00e9s vezet\u00e9k n\u00e9lk\u00fcli kaputelefonok \u00e9s riaszt\u00f3rendszerek \u00e9rt\u00e9kes\u00edt\u00e9s\u00e9vel \u00e9s szerel\u00e9s\u00e9vel foglalkozik, a leg\u00fajabb ir\u00e1nyokat \u00e9s megold\u00e1sokat alkalmazva! H\u00edvjon minket vagy \u00edrjon nek\u00fcnk el\u00e9rhet\u0151s\u00e9geinken!<\/p>\n<p>[\/et_pb_text][\/et_pb_column][et_pb_column type=&#8221;1_2&#8243;][et_pb_gallery admin_label=&#8221;Gal\u00e9ria&#8221; gallery_ids=&#8221;3873,3874&#8243; fullwidth=&#8221;on&#8221; show_title_and_caption=&#8221;on&#8221; show_pagination=&#8221;on&#8221; background_layout=&#8221;light&#8221; auto=&#8221;off&#8221; hover_overlay_color=&#8221;rgba(255,255,255,0.9)&#8221; use_border_color=&#8221;off&#8221; border_color=&#8221;#ffffff&#8221; border_style=&#8221;solid&#8221;] [\/et_pb_gallery][\/et_pb_column][\/et_pb_row][et_pb_row admin_label=&#8221;Sor&#8221;][et_pb_column type=&#8221;1_3&#8243;][et_pb_text admin_label=&#8221;Sz\u00f6veg&#8221; background_layout=&#8221;light&#8221; text_orientation=&#8221;left&#8221; use_border_color=&#8221;off&#8221; border_color=&#8221;#ffffff&#8221; border_style=&#8221;solid&#8221;]<\/p>\n<p>El\u00e9rhet\u0151s\u00e9geink:<\/p>\n<p>Telefon: 06 23 453 453<\/p>\n<p>E-mail: info@shdgroup.hu<\/p>\n<p>Web: www.sateam.hu<\/p>\n<p>[\/et_pb_text][\/et_pb_column][et_pb_column type=&#8221;2_3&#8243;][et_pb_contact_form admin_label=&#8221;Kapcsolati \u0171rlap&#8221; captcha=&#8221;on&#8221; email=&#8221;info@shdgroup.hu&#8221; title=&#8221;K\u00c9RD\u00c9SE VAN? \u00cdRJON NEK\u00dcNK!&#8221; use_redirect=&#8221;off&#8221; success_message=&#8221;K\u00f6sz\u00f6nj\u00fck, hogy \u00edrt nek\u00fcnk! Munkat\u00e1rsunk hamarosan felveszi \u00d6nnel a kapcsolatot!&#8221; input_border_radius=&#8221;0&#8243; use_border_color=&#8221;off&#8221; border_color=&#8221;#ffffff&#8221; border_style=&#8221;solid&#8221; custom_button=&#8221;off&#8221; button_letter_spacing=&#8221;0&#8243; button_use_icon=&#8221;default&#8221; button_icon_placement=&#8221;right&#8221; button_on_hover=&#8221;on&#8221; button_letter_spacing_hover=&#8221;0&#8243;] [et_pb_contact_field field_title=&#8221;N\u00e9v&#8221; field_type=&#8221;input&#8221; field_id=&#8221;Name&#8221; required_mark=&#8221;on&#8221; fullwidth_field=&#8221;off&#8221; \/][et_pb_contact_field field_title=&#8221;Email c\u00edm&#8221; field_type=&#8221;email&#8221; field_id=&#8221;Email&#8221; required_mark=&#8221;on&#8221; fullwidth_field=&#8221;off&#8221; \/][et_pb_contact_field field_title=&#8221;\u00dczenet&#8221; field_type=&#8221;text&#8221; field_id=&#8221;Message&#8221; required_mark=&#8221;on&#8221; fullwidth_field=&#8221;on&#8221; \/] [\/et_pb_contact_form][\/et_pb_column][\/et_pb_row][\/et_pb_section]<\/p>\n","protected":false},"excerpt":{"rendered":"<p>[et_pb_section admin_label=&#8221;section&#8221;][et_pb_row admin_label=&#8221;row&#8221;][et_pb_column type=&#8221;1_2&#8243;][et_pb_text admin_label=&#8221;Sz\u00f6veg&#8221; background_layout=&#8221;light&#8221; text_orientation=&#8221;center&#8221; use_border_color=&#8221;off&#8221; border_color=&#8221;#ffffff&#8221; border_style=&#8221;solid&#8221;] VEZET\u00c9KES \u00c9S VEZET\u00c9K N\u00c9LK\u00dcLI KAPUTELEFON \u00c9S RIASZT\u00d3SZEREL\u00c9S [\/et_pb_text][et_pb_text admin_label=&#8221;Sz\u00f6veg&#8221; background_layout=&#8221;light&#8221; text_orientation=&#8221;center&#8221; use_border_color=&#8221;off&#8221; border_color=&#8221;#ffffff&#8221; border_style=&#8221;solid&#8221;] Szeretn\u00e9 biztons\u00e1gban \u00e9rezni mag\u00e1t?&nbsp;Riaszt\u00f3ra vagy kaputelefonra lenne sz\u00fcks\u00e9ge, de nem szeretn\u00e9 sz\u00e9tv\u00e9sni a falakat?&nbsp;Lecser\u00e9ln\u00e9 r\u00e9gi k\u00e9sz\u00fcl\u00e9k\u00e9t?&nbsp;A kertj\u00e9ben, mobilon szeretn\u00e9 l\u00e1tni, ki csengetett be? Vagy csak egyszer\u0171en probl\u00e9m\u00e1ja van a jelenlegi riaszt\u00f3rendszer [&hellip;]<\/p>\n","protected":false},"author":2,"featured_media":0,"parent":0,"menu_order":0,"comment_status":"closed","ping_status":"closed","template":"","meta":{"_et_pb_use_builder":"on","_et_pb_old_content":"","_et_gb_content_width":""},"_links":{"self":[{"href":"https:\/\/www.sateam.hu\/wp-json\/wp\/v2\/pages\/3867"}],"collection":[{"href":"https:\/\/www.sateam.hu\/wp-json\/wp\/v2\/pages"}],"about":[{"href":"https:\/\/www.sateam.hu\/wp-json\/wp\/v2\/types\/page"}],"author":[{"embeddable":true,"href":"https:\/\/www.sateam.hu\/wp-json\/wp\/v2\/users\/2"}],"replies":[{"embeddable":true,"href":"https:\/\/www.sateam.hu\/wp-json\/wp\/v2\/comments?post=3867"}],"version-history":[{"count":19,"href":"https:\/\/www.sateam.hu\/wp-json\/wp\/v2\/pages\/3867\/revisions"}],"predecessor-version":[{"id":3893,"href":"https:\/\/www.sateam.hu\/wp-json\/wp\/v2\/pages\/3867\/revisions\/3893"}],"wp:attachment":[{"href":"https:\/\/www.sateam.hu\/wp-json\/wp\/v2\/media?parent=3867"}],"curies":[{"name":"wp","href":"https:\/\/api.w.org\/{rel}","templated":true}]}}