{"id":5,"date":"2009-09-09T13:27:11","date_gmt":"2009-09-09T11:27:11","guid":{"rendered":"http:\/\/www.sateam.hu\/?page_id=5"},"modified":"2018-10-25T09:10:04","modified_gmt":"2018-10-25T07:10:04","slug":"kapcsolat","status":"publish","type":"page","link":"https:\/\/www.sateam.hu\/ro\/kapcsolat","title":{"rendered":"Contact"},"content":{"rendered":"<p>[et_pb_section admin_label=&#8221;section&#8221;][et_pb_row admin_label=&#8221;row&#8221;][et_pb_column type=&#8221;1_4&#8243;][et_pb_text admin_label=&#8221;Sz\u00f6veg&#8221; background_layout=&#8221;light&#8221; text_orientation=&#8221;left&#8221; use_border_color=&#8221;off&#8221; border_color=&#8221;#ffffff&#8221; border_style=&#8221;solid&#8221;]<\/p>\n<p>[\/et_pb_text][\/et_pb_column][et_pb_column type=&#8221;3_4&#8243;][et_pb_image admin_label=&#8221;K\u00e9p&#8221; src=&#8221;https:\/\/www.sateam.hu\/wp-content\/uploads\/Koltozes_DM-e1485636568698.jpg&#8221; show_in_lightbox=&#8221;off&#8221; url_new_window=&#8221;off&#8221; use_overlay=&#8221;off&#8221; animation=&#8221;left&#8221; sticky=&#8221;off&#8221; align=&#8221;left&#8221; force_fullwidth=&#8221;off&#8221; always_center_on_mobile=&#8221;on&#8221; use_border_color=&#8221;off&#8221; border_color=&#8221;#ffffff&#8221; border_style=&#8221;solid&#8221;]<br \/>\n[\/et_pb_image][\/et_pb_column][\/et_pb_row][et_pb_row admin_label=&#8221;Sor&#8221;][et_pb_column type=&#8221;4_4&#8243;][et_pb_text admin_label=&#8221;Sz\u00f6veg&#8221; background_layout=&#8221;light&#8221; text_orientation=&#8221;left&#8221; use_border_color=&#8221;off&#8221; border_color=&#8221;#ffffff&#8221; border_style=&#8221;solid&#8221;]<\/p>\n<p><strong>C\u00e9gn\u00e9v:<\/strong> Sateam Kft. &nbsp; &nbsp; &nbsp; &nbsp; &nbsp; &nbsp; &nbsp; &nbsp; &nbsp; &nbsp; &nbsp; &nbsp; &nbsp; &nbsp; &nbsp; &nbsp; &nbsp; &nbsp; &nbsp; &nbsp; &nbsp; &nbsp; &nbsp; &nbsp; &nbsp; &nbsp; &nbsp;&nbsp;<strong>Ad\u00f3sz\u00e1m: <\/strong>12704718-2-13 &nbsp; &nbsp; &nbsp; &nbsp; &nbsp; &nbsp; &nbsp; &nbsp; &nbsp; &nbsp; &nbsp; &nbsp; &nbsp; &nbsp; &nbsp; &nbsp; &nbsp; &nbsp; &nbsp; &nbsp; &nbsp; &nbsp; &nbsp;&nbsp;<strong>C\u00e9gjegyz\u00e9ksz\u00e1m: <\/strong>13-09-113344 &nbsp;<\/p>\n<p>[\/et_pb_text][\/et_pb_column][\/et_pb_row][\/et_pb_section]<\/p>\n","protected":false},"excerpt":{"rendered":"<p>[et_pb_section admin_label=&#8221;section&#8221;][et_pb_row admin_label=&#8221;row&#8221;][et_pb_column type=&#8221;1_4&#8243;][et_pb_text admin_label=&#8221;Sz\u00f6veg&#8221; background_layout=&#8221;light&#8221; text_orientation=&#8221;left&#8221; use_border_color=&#8221;off&#8221; border_color=&#8221;#ffffff&#8221; border_style=&#8221;solid&#8221;] [\/et_pb_text][\/et_pb_column][et_pb_column type=&#8221;3_4&#8243;][et_pb_image admin_label=&#8221;K\u00e9p&#8221; src=&#8221;https:\/\/www.sateam.hu\/wp-content\/uploads\/Koltozes_DM-e1485636568698.jpg&#8221; show_in_lightbox=&#8221;off&#8221; url_new_window=&#8221;off&#8221; use_overlay=&#8221;off&#8221; animation=&#8221;left&#8221; sticky=&#8221;off&#8221; align=&#8221;left&#8221; force_fullwidth=&#8221;off&#8221; always_center_on_mobile=&#8221;on&#8221; use_border_color=&#8221;off&#8221; border_color=&#8221;#ffffff&#8221; border_style=&#8221;solid&#8221;] [\/et_pb_image][\/et_pb_column][\/et_pb_row][et_pb_row admin_label=&#8221;Sor&#8221;][et_pb_column type=&#8221;4_4&#8243;][et_pb_text admin_label=&#8221;Sz\u00f6veg&#8221; background_layout=&#8221;light&#8221; text_orientation=&#8221;left&#8221; use_border_color=&#8221;off&#8221; border_color=&#8221;#ffffff&#8221; border_style=&#8221;solid&#8221;] C\u00e9gn\u00e9v: Sateam Kft. &nbsp; &nbsp; &nbsp; &nbsp; &nbsp; &nbsp; &nbsp; &nbsp; &nbsp; &nbsp; &nbsp; &nbsp; &nbsp; &nbsp; &nbsp; &nbsp; &nbsp; &nbsp; [&hellip;]<\/p>\n","protected":false},"author":1,"featured_media":0,"parent":0,"menu_order":9,"comment_status":"open","ping_status":"open","template":"","meta":{"_et_pb_use_builder":"on","_et_pb_old_content":"<p><!--:hu--><\/p><h2>SATEAM KFT.<\/h2><p>2092 Budakeszi, F\u0151 \u00fat 66.<br> <strong>Telefon:<\/strong> 06 23 453 453<br> <strong>Fax:<\/strong> 06 23 457 127<\/p><p><strong>E-mail: <\/strong>sateam@sateam.hu<\/p><p><strong>Ad\u00f3sz\u00e1m: <\/strong>12704718-2-13<\/p><p><strong>C\u00e9gjegyz\u00e9ksz\u00e1m: <\/strong>13-09-113344<\/p><p><strong>Nyitvatart\u00e1s:<\/strong><\/p><p>H\u00e9tf\u0151t\u0151l-P\u00e9ntekig: 8-18h<\/p><p>Szombaton: 8-14h<\/p><p><small><a style=\"color: #0000ff; text-align: left;\" href=\"http:\/\/maps.google.com\/maps?f=q&source=embed&hl=hu&geocode=&q=2092+Budakeszi,+F%C5%91+utca+66,+Magyarorsz%C3%A1g&mrt=all&sll=47.496907,18.925438&sspn=0.065296,0.154324&ie=UTF8&hq=&hnear=2092+Budakeszi,+F%C5%91+utca+66,+Magyarorsz%C3%A1g&ll=47.510395,18.928991&spn=0.020291,0.036478&z=14&iwloc=A\">t\u00e9rk\u00e9pre v\u00e1lt\u00e1s<\/a><\/small><\/p><pre style=\"margin: 5px;\">\u00a0<\/pre><p>\u00a0<\/p><p><!--cforms name=\"kapcsolat\"--><!--:--><!--:de--><\/p><h2>SATEAM GmbH.<\/h2><p lang=\"hu-HU\">2092 Budakeszi, F\u0151 \u00fat 66.<\/p><p><strong>Telefon:<\/strong> 06 23 453 453<\/p><p><strong>Fax:<\/strong> 06 23 457 127<\/p><p><strong>E-mail: <\/strong>sateam@sateam.hu<\/p><p lang=\"hu-HU\"><strong>\u00d6ffnungszeiten:<\/strong><\/p><p lang=\"hu-HU\">Monntag- Freitag 8-18h<\/p><p lang=\"hu-HU\">Samstag: 8-14h<\/p><p><small><a style=\"color: #0000ff; text-align: left;\" href=\"http:\/\/maps.google.com\/maps?f=q&source=embed&hl=hu&geocode=&q=2092+Budakeszi,+F%C5%91+utca+66,+Magyarorsz%C3%A1g&mrt=all&sll=47.496907,18.925438&sspn=0.065296,0.154324&ie=UTF8&hq=&hnear=2092+Budakeszi,+F%C5%91+utca+66,+Magyarorsz%C3%A1g&ll=47.510395,18.928991&spn=0.020291,0.036478&z=14&iwloc=A\">t\u00e9rk\u00e9pre v\u00e1lt\u00e1s<\/a><\/small><\/p><pre style=\"margin: 5px;\">\u00a0<\/pre><p>\u00a0<\/p><p><!--cforms name=\"kapcsolat\"--><\/p><p><!--:--><!--:en--><\/p><h2>SATEAM KFT.<\/h2><p>2092 Budakeszi, F\u0151 \u00fat 66.<\/p><p><strong>Phone:<\/strong> 06 23 453 453<\/p><p><strong>Fax:<\/strong> 06 23 457 127<\/p><p><strong>E-mail: <\/strong>sateam@sateam.hu<\/p><p><strong>Open:<\/strong><\/p><p lang=\"en-US\">Monday to Friday: 8 a.m.- 6 p.m.<\/p><p lang=\"en-US\">Saturdays: 8 a.m.-2 p.m.<\/p><p><small><a style=\"color: #0000ff; text-align: left;\" href=\"http:\/\/maps.google.com\/maps?f=q&source=embed&hl=hu&geocode=&q=2092+Budakeszi,+F%C5%91+utca+66,+Magyarorsz%C3%A1g&mrt=all&sll=47.496907,18.925438&sspn=0.065296,0.154324&ie=UTF8&hq=&hnear=2092+Budakeszi,+F%C5%91+utca+66,+Magyarorsz%C3%A1g&ll=47.510395,18.928991&spn=0.020291,0.036478&z=14&iwloc=A\">t\u00e9rk\u00e9pre v\u00e1lt\u00e1s<\/a><\/small><\/p><pre style=\"margin: 5px;\">\u00a0<\/pre><p>\u00a0<\/p><p><!--cforms name=\"kapcsolat\"--><\/p><p><!--:--><!--:ro--><\/p><p><!-- @page { margin: 2cm } P { margin-bottom: 0.21cm } --><\/p><p lang=\"hu-HU\">Contact<\/p><p>SATEAM S.R.L.<\/p><p>2092 Budakeszi, F\u0151 \u00fat 66.<\/p><p><strong>Telefon:<\/strong> 06 23 453 453<\/p><p><strong>Fax:<\/strong> 06 23 457 127<\/p><p><strong>E-mail: <\/strong>sateam@sateam.hu<\/p><p><strong>Orar<\/strong><strong>:<\/strong><\/p><p>Luni - Viner: 8-18h<\/p><p>Sambata: 8-14h<\/p><p>\u00a0<\/p><p>\u00a0<\/p><p>\u00a0<\/p><pre>[googleMap]map[\/googleMap]<\/pre><p>\u00a0<\/p><p>\u00a0<\/p><p><!--:--><!--:sk--><\/p><h2>SATEAM KFT.<\/h2><p>F\u0151 \u00fat 66, 2092 Budakeszi.<\/p><p><strong>Telef\u00f3n:<\/strong> 06 23 453 453<\/p><p><strong>Fax:<\/strong> 06 23 457 127<\/p><p><strong>E-mail: <\/strong>sateam@sateam.hu<\/p><p><strong>Otvoren\u00e9:<\/strong><\/p><p>pondelok \u2013 piatok: 8.00 \u2013 18.00<\/p><p>sobota: 8.00 \u2013 14.00<\/p><p>\u00a0<\/p><p>\u00a0<\/p><p>\u00a0<\/p><pre>[googleMap]map[\/googleMap]<\/pre><p>\u00a0<\/p><p>\u00a0<\/p><p><!--:--><\/p>","_et_gb_content_width":""},"_links":{"self":[{"href":"https:\/\/www.sateam.hu\/wp-json\/wp\/v2\/pages\/5"}],"collection":[{"href":"https:\/\/www.sateam.hu\/wp-json\/wp\/v2\/pages"}],"about":[{"href":"https:\/\/www.sateam.hu\/wp-json\/wp\/v2\/types\/page"}],"author":[{"embeddable":true,"href":"https:\/\/www.sateam.hu\/wp-json\/wp\/v2\/users\/1"}],"replies":[{"embeddable":true,"href":"https:\/\/www.sateam.hu\/wp-json\/wp\/v2\/comments?post=5"}],"version-history":[{"count":69,"href":"https:\/\/www.sateam.hu\/wp-json\/wp\/v2\/pages\/5\/revisions"}],"predecessor-version":[{"id":3917,"href":"https:\/\/www.sateam.hu\/wp-json\/wp\/v2\/pages\/5\/revisions\/3917"}],"wp:attachment":[{"href":"https:\/\/www.sateam.hu\/wp-json\/wp\/v2\/media?parent=5"}],"curies":[{"name":"wp","href":"https:\/\/api.w.org\/{rel}","templated":true}]}}