{"id":799,"date":"2017-01-28T23:57:13","date_gmt":"2017-01-28T21:57:13","guid":{"rendered":"http:\/\/www.sateam.hu\/?page_id=799"},"modified":"2017-02-13T17:39:05","modified_gmt":"2017-02-13T15:39:05","slug":"elk%c3%b6lt%c3%b6zt%c3%bcnk","status":"publish","type":"page","link":"https:\/\/www.sateam.hu\/ro\/elk%c3%b6lt%c3%b6zt%c3%bcnk","title":{"rendered":"Elk\u00f6lt\u00f6zt\u00fcnk!"},"content":{"rendered":"<p>[et_pb_section admin_label=&#8221;Szakasz&#8221; fullwidth=&#8221;off&#8221; specialty=&#8221;off&#8221;][et_pb_row admin_label=&#8221;Sor&#8221;][et_pb_column type=&#8221;4_4&#8243;][et_pb_gallery admin_label=&#8221;Gal\u00e9ria&#8221; gallery_ids=&#8221;764&#8243; fullwidth=&#8221;on&#8221; show_title_and_caption=&#8221;on&#8221; show_pagination=&#8221;on&#8221; background_layout=&#8221;light&#8221; auto=&#8221;off&#8221; hover_overlay_color=&#8221;rgba(255,255,255,0.9)&#8221; use_border_color=&#8221;off&#8221; border_color=&#8221;#ffffff&#8221; border_style=&#8221;solid&#8221;] [\/et_pb_gallery][et_pb_signup admin_label=&#8221;Email optin&#8221; provider=&#8221;mailchimp&#8221; mailchimp_list=&#8221;99a9b1bb02&#8243; aweber_list=&#8221;none&#8221; button_text=&#8221;Feliratkoz\u00e1s&#8221; use_background_color=&#8221;on&#8221; background_color=&#8221;#0b284f&#8221; background_layout=&#8221;dark&#8221; text_orientation=&#8221;left&#8221; use_focus_border_color=&#8221;off&#8221; use_border_color=&#8221;off&#8221; border_color=&#8221;#ffffff&#8221; border_style=&#8221;solid&#8221; custom_button=&#8221;off&#8221; button_letter_spacing=&#8221;0&#8243; button_use_icon=&#8221;default&#8221; button_icon_placement=&#8221;right&#8221; button_on_hover=&#8221;on&#8221; button_letter_spacing_hover=&#8221;0&#8243; module_id=&#8221;hirlevel&#8221;]<\/p>\n<h3 style=\"text-align: center;\"><strong>H\u00cdRLEV\u00c9L-FELIRATKOZ\u00c1S<\/strong><\/h3>\n<h4 style=\"text-align: center;\">&nbsp;<\/h4>\n<h4 style=\"text-align: center;\"><strong>Szeretne els\u0151 k\u00e9zb\u0151l \u00e9rtes\u00fclni akci\u00f3inkr\u00f3l? <\/strong><\/h4>\n<h4 style=\"text-align: center;\"><strong>Megismerni leg\u00fajabb term\u00e9keinket? <\/strong><\/h4>\n<h4 style=\"text-align: center;\"><strong>Iratkozzon fel h\u00edrlevel\u00fcnkre most, \u00e9s \u00edg\u00e9rj\u00fck, <\/strong><\/h4>\n<h4 style=\"text-align: center;\"><strong>nem k\u00fcld\u00fcnk felesleges e-maileket!<\/strong><\/h4>\n<p>[\/et_pb_signup][\/et_pb_column][\/et_pb_row][\/et_pb_section]<\/p>\n","protected":false},"excerpt":{"rendered":"<p>[et_pb_section admin_label=&#8221;Szakasz&#8221; fullwidth=&#8221;off&#8221; specialty=&#8221;off&#8221;][et_pb_row admin_label=&#8221;Sor&#8221;][et_pb_column type=&#8221;4_4&#8243;][et_pb_gallery admin_label=&#8221;Gal\u00e9ria&#8221; gallery_ids=&#8221;764&#8243; fullwidth=&#8221;on&#8221; show_title_and_caption=&#8221;on&#8221; show_pagination=&#8221;on&#8221; background_layout=&#8221;light&#8221; auto=&#8221;off&#8221; hover_overlay_color=&#8221;rgba(255,255,255,0.9)&#8221; use_border_color=&#8221;off&#8221; border_color=&#8221;#ffffff&#8221; border_style=&#8221;solid&#8221;] [\/et_pb_gallery][et_pb_signup admin_label=&#8221;Email optin&#8221; provider=&#8221;mailchimp&#8221; mailchimp_list=&#8221;99a9b1bb02&#8243; aweber_list=&#8221;none&#8221; button_text=&#8221;Feliratkoz\u00e1s&#8221; use_background_color=&#8221;on&#8221; background_color=&#8221;#0b284f&#8221; background_layout=&#8221;dark&#8221; text_orientation=&#8221;left&#8221; use_focus_border_color=&#8221;off&#8221; use_border_color=&#8221;off&#8221; border_color=&#8221;#ffffff&#8221; border_style=&#8221;solid&#8221; custom_button=&#8221;off&#8221; button_letter_spacing=&#8221;0&#8243; button_use_icon=&#8221;default&#8221; button_icon_placement=&#8221;right&#8221; button_on_hover=&#8221;on&#8221; button_letter_spacing_hover=&#8221;0&#8243; module_id=&#8221;hirlevel&#8221;] H\u00cdRLEV\u00c9L-FELIRATKOZ\u00c1S &nbsp; Szeretne els\u0151 k\u00e9zb\u0151l \u00e9rtes\u00fclni akci\u00f3inkr\u00f3l? Megismerni leg\u00fajabb term\u00e9keinket? Iratkozzon fel h\u00edrlevel\u00fcnkre most, \u00e9s \u00edg\u00e9rj\u00fck, [&hellip;]<\/p>\n","protected":false},"author":2,"featured_media":0,"parent":0,"menu_order":0,"comment_status":"closed","ping_status":"closed","template":"","meta":{"_et_pb_use_builder":"on","_et_pb_old_content":"","_et_gb_content_width":""},"_links":{"self":[{"href":"https:\/\/www.sateam.hu\/wp-json\/wp\/v2\/pages\/799"}],"collection":[{"href":"https:\/\/www.sateam.hu\/wp-json\/wp\/v2\/pages"}],"about":[{"href":"https:\/\/www.sateam.hu\/wp-json\/wp\/v2\/types\/page"}],"author":[{"embeddable":true,"href":"https:\/\/www.sateam.hu\/wp-json\/wp\/v2\/users\/2"}],"replies":[{"embeddable":true,"href":"https:\/\/www.sateam.hu\/wp-json\/wp\/v2\/comments?post=799"}],"version-history":[{"count":16,"href":"https:\/\/www.sateam.hu\/wp-json\/wp\/v2\/pages\/799\/revisions"}],"predecessor-version":[{"id":885,"href":"https:\/\/www.sateam.hu\/wp-json\/wp\/v2\/pages\/799\/revisions\/885"}],"wp:attachment":[{"href":"https:\/\/www.sateam.hu\/wp-json\/wp\/v2\/media?parent=799"}],"curies":[{"name":"wp","href":"https:\/\/api.w.org\/{rel}","templated":true}]}}