{"id":3859,"date":"2017-03-24T15:19:11","date_gmt":"2017-03-24T13:19:11","guid":{"rendered":"http:\/\/www.sateam.hu\/?page_id=3859"},"modified":"2019-04-01T09:35:13","modified_gmt":"2019-04-01T07:35:13","slug":"f%c5%91oldal","status":"publish","type":"page","link":"https:\/\/www.sateam.hu\/sk\/f%c5%91oldal","title":{"rendered":"F\u0151oldal"},"content":{"rendered":"<p>[et_pb_section fb_built=&#8221;1&#8243; admin_label=&#8221;section&#8221; _builder_version=&#8221;3.0.74&#8243; background_color=&#8221;#27323a&#8221; transparent_background=&#8221;off&#8221;][et_pb_row admin_label=&#8221;row&#8221; _builder_version=&#8221;3.0.48&#8243; background_size=&#8221;initial&#8221; background_position=&#8221;top_left&#8221; background_repeat=&#8221;repeat&#8221;][et_pb_column type=&#8221;4_4&#8243; _builder_version=&#8221;3.0.47&#8243; parallax=&#8221;off&#8221; parallax_method=&#8221;on&#8221;][et_pb_text admin_label=&#8221;Text&#8221; _builder_version=&#8221;3.0.87&#8243; text_font_size=&#8221;27&#8243; text_line_height=&#8221;1em&#8221; header_line_height=&#8221;3em&#8221; background_size=&#8221;initial&#8221; background_position=&#8221;top_left&#8221; background_repeat=&#8221;repeat&#8221; text_orientation=&#8221;center&#8221; background_layout=&#8221;dark&#8221; module_alignment=&#8221;center&#8221; custom_margin=&#8221;40px|||&#8221; use_border_color=&#8221;off&#8221; border_style=&#8221;solid&#8221;]<\/p>\n<p style=\"text-align: center;\"><strong>2017. JANU\u00c1RJ\u00c1T\u00d3L 4 K\u00dcL\u00d6NB\u00d6Z\u0150 \u00dcZLET\u00c1GGAL,&nbsp;<\/strong><\/p>\n<p style=\"text-align: center;\"><strong>3 K\u00dcL\u00d6NB\u00d6Z\u0150 HELYSZ\u00cdNEN V\u00c1RJUK \u00d6N\u00d6KET!<\/strong><\/p>\n<p>[\/et_pb_text][\/et_pb_column][\/et_pb_row][\/et_pb_section][et_pb_section fb_built=&#8221;1&#8243; admin_label=&#8221;section&#8221; _builder_version=&#8221;3.0.74&#8243; background_color=&#8221;#313f55&#8243; transparent_background=&#8221;off&#8221;][et_pb_row admin_label=&#8221;row&#8221; _builder_version=&#8221;3.0.48&#8243; background_size=&#8221;initial&#8221; background_position=&#8221;top_left&#8221; background_repeat=&#8221;repeat&#8221;][et_pb_column type=&#8221;1_4&#8243; _builder_version=&#8221;3.0.47&#8243; parallax=&#8221;off&#8221; parallax_method=&#8221;on&#8221;][et_pb_blurb title=&#8221;G\u00e9pk\u00f6lcs\u00f6nz\u0151&#8221; image=&#8221;https:\/\/www.sateam.hu\/wp-content\/uploads\/drill-1839030_1280.jpg&#8221; admin_label=&#8221;Blurb&#8221; _builder_version=&#8221;3.19.2&#8243; background_size=&#8221;initial&#8221; background_position=&#8221;top_left&#8221; background_repeat=&#8221;repeat&#8221; text_orientation=&#8221;center&#8221; background_layout=&#8221;dark&#8221; use_border_color=&#8221;off&#8221; border_color=&#8221;#ffffff&#8221; border_style=&#8221;solid&#8221;]<\/p>\n<p>G\u00e9pk\u00f6lcs\u00f6nz\u0151nk az eddig megszokott helyen, a P\u00e1tyi \u00fat 57. sz\u00e1m alatt v\u00e1rja KERT\u00c9P\u00cdT\u0150 partnereinket!<\/p>\n<ul>\n<li style=\"text-align: left;\">El\u00e9rhet\u0151s\u00e9geink: 2092 Budakeszi, P\u00e1tyi \u00fat 57.<\/li>\n<li style=\"text-align: left;\">Telefon: 06 23 453 453<\/li>\n<li style=\"text-align: left;\">E-mail: <a href=\"mailto:sateam@sateam.hu\">sateam@sateam.hu<\/a> Nyitvatart\u00e1s: h\u00e9tf\u0151t\u0151l p\u00e9ntekig 7 \u00e9s 17 \u00f3ra k\u00f6z\u00f6tt, szombaton 8 \u00e9s 12 \u00f3ra k\u00f6z\u00f6tt.<\/li>\n<\/ul>\n<p>[\/et_pb_blurb][\/et_pb_column][et_pb_column type=&#8221;1_4&#8243; _builder_version=&#8221;3.0.47&#8243; parallax=&#8221;off&#8221; parallax_method=&#8221;on&#8221;][et_pb_blurb title=&#8221;Kerttechnikai keresked\u00e9s&#8221; image=&#8221;https:\/\/www.sateam.hu\/wp-content\/uploads\/garden-1037454_1280.jpg&#8221; admin_label=&#8221;Blurb&#8221; _builder_version=&#8221;3.19.2&#8243; background_size=&#8221;initial&#8221; background_position=&#8221;top_left&#8221; background_repeat=&#8221;repeat&#8221; text_orientation=&#8221;center&#8221; background_layout=&#8221;dark&#8221; use_border_color=&#8221;off&#8221; border_color=&#8221;#ffffff&#8221; border_style=&#8221;solid&#8221;]<\/p>\n<p>Kerttechnikai szakkeresked\u00e9s\u00fcnk 2017. janu\u00e1rj\u00e1t\u00f3l \u00faj, 300 nm-es \u00e9p\u00fcletben v\u00e1rja \u00fcgyfeleinket!<\/p>\n<ul>\n<li style=\"text-align: left;\">C\u00edm\u00fcnk: 2092 Budakeszi, P\u00e1tyi \u00fat 57.<\/li>\n<li style=\"text-align: left;\">Telefon: 06 23 453 453<\/li>\n<li style=\"text-align: left;\">E-mail: sateam@sateam.hu<\/li>\n<\/ul>\n<p>Nyitvatart\u00e1s: h\u00e9tf\u0151t\u0151l p\u00e9ntekig 7 \u00e9s 17 \u00f3ra k\u00f6z\u00f6tt, szombaton 8 \u00e9s 12 \u00f3ra k\u00f6z\u00f6tt<\/p>\n<p>[\/et_pb_blurb][\/et_pb_column][et_pb_column type=&#8221;1_4&#8243; _builder_version=&#8221;3.0.47&#8243; parallax=&#8221;off&#8221; parallax_method=&#8221;on&#8221;][et_pb_blurb title=&#8221;Munkaruh\u00e1zat&#8221; image=&#8221;https:\/\/www.sateam.hu\/wp-content\/uploads\/Munkaruha_Bazar_Megnyitottunk.jpg&#8221; admin_label=&#8221;Blurb&#8221; _builder_version=&#8221;3.19.2&#8243; background_size=&#8221;initial&#8221; background_position=&#8221;top_left&#8221; background_repeat=&#8221;repeat&#8221; text_orientation=&#8221;center&#8221; background_layout=&#8221;dark&#8221; use_border_color=&#8221;off&#8221; border_color=&#8221;#ffffff&#8221; border_style=&#8221;solid&#8221;]<\/p>\n<p>Megnyitottuk munkaruh\u00e1zattal, formaruh\u00e1zattal foglalkoz\u00f3 \u00fczlet\u00fcnket. El\u00e9rhet\u0151s\u00e9geink: 2092 Budakeszi, P\u00e1tyi \u00fat 57.. Telefon: 06 23 453 453, E-mail: sateam@sateam.hu.<\/p>\n<p>Nyitvatart\u00e1s: h\u00e9tf\u0151t\u0151l p\u00e9ntekig 7 \u00e9s 17 \u00f3ra k\u00f6z\u00f6tt, szombaton 8 \u00e9s 12 k\u00f6z\u00f6tt.<\/p>\n<p>[\/et_pb_blurb][\/et_pb_column][et_pb_column type=&#8221;1_4&#8243; _builder_version=&#8221;3.0.47&#8243; parallax=&#8221;off&#8221; parallax_method=&#8221;on&#8221;][et_pb_blurb title=&#8221;Embl\u00e9m\u00e1z\u00e1s, rekl\u00e1maj\u00e1nd\u00e9kok&#8221; image=&#8221;https:\/\/www.sateam.hu\/wp-content\/uploads\/2012-uj-termekek.jpg&#8221; admin_label=&#8221;Blurb&#8221; _builder_version=&#8221;3.0.87&#8243; background_size=&#8221;initial&#8221; background_position=&#8221;top_left&#8221; background_repeat=&#8221;repeat&#8221; text_orientation=&#8221;center&#8221; background_layout=&#8221;dark&#8221; use_border_color=&#8221;off&#8221; border_color=&#8221;#ffffff&#8221; border_style=&#8221;solid&#8221;]2016 k\u00f6zep\u00e9t\u0151l megny\u00edlt egyedi embl\u00e9m\u00e1z\u00e1ssal, rekl\u00e1maj\u00e1nd\u00e9kokkal \u00e9s marketing-szolg\u00e1ltat\u00e1sokkal foglalkoz\u00f3 \u00fczlet\u00fcnk. C\u00edm\u00fcnk: 2092 Budakeszi, F\u0151 t\u00e9r 4. (a Coop mellett). Telefon: 06 70 310 0642, E-mail: info@brandist.hu.&nbsp;<\/p>\n<p>Nyitvatart\u00e1s: h\u00e9tf\u0151t\u0151l p\u00e9ntekig 8 \u00e9s 18 \u00f3ra k\u00f6z\u00f6tt.<br \/>\n[\/et_pb_blurb][\/et_pb_column][\/et_pb_row][\/et_pb_section][et_pb_section fb_built=&#8221;1&#8243; inner_shadow=&#8221;on&#8221; admin_label=&#8221;section&#8221; _builder_version=&#8221;3.0.74&#8243; background_color=&#8221;#27323a&#8221; transparent_background=&#8221;off&#8221;][et_pb_row admin_label=&#8221;row&#8221; _builder_version=&#8221;3.0.48&#8243; background_size=&#8221;initial&#8221; background_position=&#8221;top_left&#8221; background_repeat=&#8221;repeat&#8221;][et_pb_column type=&#8221;4_4&#8243; _builder_version=&#8221;3.0.47&#8243; parallax=&#8221;off&#8221; parallax_method=&#8221;on&#8221;][et_pb_contact_form email=&#8221;sateam@sateam.hu&#8221; title=&#8221;Ha k\u00e9rd\u00e9se vagy \u00e9szrev\u00e9tele van, \u00edrjon nek\u00fcnk!&#8221; success_message=&#8221;K\u00f6sz\u00f6nj\u00fck, hogy \u00edrt nek\u00fcnk! Munkat\u00e1rsaink hamarosan felveszik \u00d6nnel a kapcsolatot!&#8221; admin_label=&#8221;Kapcsolati \u0171rlap&#8221; module_id=&#8221;et_pb_contact_form_0&#8243; _builder_version=&#8221;3.0.87&#8243; title_text_color=&#8221;#ffffff&#8221; border_radii=&#8221;on|0px|0px|0px|0px&#8221; custom_button=&#8221;on&#8221; button_text_color=&#8221;#ffffff&#8221; button_border_color=&#8221;#ffffff&#8221; button_use_icon=&#8221;default&#8221; use_border_color=&#8221;off&#8221; border_color=&#8221;#ffffff&#8221; border_width=&#8221;1px&#8221; border_style=&#8221;solid&#8221; input_border_radius=&#8221;0&#8243; button_letter_spacing_hover=&#8221;0&#8243;][et_pb_contact_field field_id=&#8221;N\u00e9v&#8221; field_title=&#8221;N\u00e9v&#8221; _builder_version=&#8221;3.16&#8243; form_field_font=&#8221;||||&#8221; border_radii=&#8221;on|0px|0px|0px|0px&#8221; use_border_color=&#8221;off&#8221; border_style=&#8221;solid&#8221; input_border_radius=&#8221;0&#8243; button_text_size__hover_enabled=&#8221;off&#8221; button_one_text_size__hover_enabled=&#8221;off&#8221; button_two_text_size__hover_enabled=&#8221;off&#8221; button_text_color__hover_enabled=&#8221;off&#8221; button_one_text_color__hover_enabled=&#8221;off&#8221; button_two_text_color__hover_enabled=&#8221;off&#8221; button_border_width__hover_enabled=&#8221;off&#8221; button_one_border_width__hover_enabled=&#8221;off&#8221; button_two_border_width__hover_enabled=&#8221;off&#8221; button_border_color__hover_enabled=&#8221;off&#8221; button_one_border_color__hover_enabled=&#8221;off&#8221; button_two_border_color__hover_enabled=&#8221;off&#8221; button_border_radius__hover_enabled=&#8221;off&#8221; button_one_border_radius__hover_enabled=&#8221;off&#8221; button_two_border_radius__hover_enabled=&#8221;off&#8221; button_letter_spacing__hover_enabled=&#8221;off&#8221; button_one_letter_spacing__hover_enabled=&#8221;off&#8221; button_two_letter_spacing__hover_enabled=&#8221;off&#8221; button_bg_color__hover_enabled=&#8221;off&#8221; button_one_bg_color__hover_enabled=&#8221;off&#8221; button_two_bg_color__hover_enabled=&#8221;off&#8221;] [\/et_pb_contact_field][et_pb_contact_field field_id=&#8221;E-mail&#8221; field_title=&#8221;Email c\u00edm&#8221; field_type=&#8221;email&#8221; _builder_version=&#8221;3.16&#8243; form_field_font=&#8221;||||&#8221; border_radii=&#8221;on|0px|0px|0px|0px&#8221; use_border_color=&#8221;off&#8221; border_style=&#8221;solid&#8221; input_border_radius=&#8221;0&#8243; button_text_size__hover_enabled=&#8221;off&#8221; button_one_text_size__hover_enabled=&#8221;off&#8221; button_two_text_size__hover_enabled=&#8221;off&#8221; button_text_color__hover_enabled=&#8221;off&#8221; button_one_text_color__hover_enabled=&#8221;off&#8221; button_two_text_color__hover_enabled=&#8221;off&#8221; button_border_width__hover_enabled=&#8221;off&#8221; button_one_border_width__hover_enabled=&#8221;off&#8221; button_two_border_width__hover_enabled=&#8221;off&#8221; button_border_color__hover_enabled=&#8221;off&#8221; button_one_border_color__hover_enabled=&#8221;off&#8221; button_two_border_color__hover_enabled=&#8221;off&#8221; button_border_radius__hover_enabled=&#8221;off&#8221; button_one_border_radius__hover_enabled=&#8221;off&#8221; button_two_border_radius__hover_enabled=&#8221;off&#8221; button_letter_spacing__hover_enabled=&#8221;off&#8221; button_one_letter_spacing__hover_enabled=&#8221;off&#8221; button_two_letter_spacing__hover_enabled=&#8221;off&#8221; button_bg_color__hover_enabled=&#8221;off&#8221; button_one_bg_color__hover_enabled=&#8221;off&#8221; button_two_bg_color__hover_enabled=&#8221;off&#8221;] [\/et_pb_contact_field][et_pb_contact_field field_id=&#8221;\u00dczenet&#8221; field_title=&#8221;\u00dczenet&#8221; field_type=&#8221;text&#8221; fullwidth_field=&#8221;on&#8221; _builder_version=&#8221;3.16&#8243; form_field_font=&#8221;||||&#8221; border_radii=&#8221;on|0px|0px|0px|0px&#8221; use_border_color=&#8221;off&#8221; border_style=&#8221;solid&#8221; input_border_radius=&#8221;0&#8243; button_text_size__hover_enabled=&#8221;off&#8221; button_one_text_size__hover_enabled=&#8221;off&#8221; button_two_text_size__hover_enabled=&#8221;off&#8221; button_text_color__hover_enabled=&#8221;off&#8221; button_one_text_color__hover_enabled=&#8221;off&#8221; button_two_text_color__hover_enabled=&#8221;off&#8221; button_border_width__hover_enabled=&#8221;off&#8221; button_one_border_width__hover_enabled=&#8221;off&#8221; button_two_border_width__hover_enabled=&#8221;off&#8221; button_border_color__hover_enabled=&#8221;off&#8221; button_one_border_color__hover_enabled=&#8221;off&#8221; button_two_border_color__hover_enabled=&#8221;off&#8221; button_border_radius__hover_enabled=&#8221;off&#8221; button_one_border_radius__hover_enabled=&#8221;off&#8221; button_two_border_radius__hover_enabled=&#8221;off&#8221; button_letter_spacing__hover_enabled=&#8221;off&#8221; button_one_letter_spacing__hover_enabled=&#8221;off&#8221; button_two_letter_spacing__hover_enabled=&#8221;off&#8221; button_bg_color__hover_enabled=&#8221;off&#8221; button_one_bg_color__hover_enabled=&#8221;off&#8221; button_two_bg_color__hover_enabled=&#8221;off&#8221;] [\/et_pb_contact_field][\/et_pb_contact_form][\/et_pb_column][\/et_pb_row][\/et_pb_section]<\/p>\n","protected":false},"excerpt":{"rendered":"<p>[et_pb_section fb_built=&#8221;1&#8243; admin_label=&#8221;section&#8221; _builder_version=&#8221;3.0.74&#8243; background_color=&#8221;#27323a&#8221; transparent_background=&#8221;off&#8221;][et_pb_row admin_label=&#8221;row&#8221; _builder_version=&#8221;3.0.48&#8243; background_size=&#8221;initial&#8221; background_position=&#8221;top_left&#8221; background_repeat=&#8221;repeat&#8221;][et_pb_column type=&#8221;4_4&#8243; _builder_version=&#8221;3.0.47&#8243; parallax=&#8221;off&#8221; parallax_method=&#8221;on&#8221;][et_pb_text admin_label=&#8221;Text&#8221; _builder_version=&#8221;3.0.87&#8243; text_font_size=&#8221;27&#8243; text_line_height=&#8221;1em&#8221; header_line_height=&#8221;3em&#8221; background_size=&#8221;initial&#8221; background_position=&#8221;top_left&#8221; background_repeat=&#8221;repeat&#8221; text_orientation=&#8221;center&#8221; background_layout=&#8221;dark&#8221; module_alignment=&#8221;center&#8221; custom_margin=&#8221;40px|||&#8221; use_border_color=&#8221;off&#8221; border_style=&#8221;solid&#8221;] 2017. JANU\u00c1RJ\u00c1T\u00d3L 4 K\u00dcL\u00d6NB\u00d6Z\u0150 \u00dcZLET\u00c1GGAL,&nbsp; 3 K\u00dcL\u00d6NB\u00d6Z\u0150 HELYSZ\u00cdNEN V\u00c1RJUK \u00d6N\u00d6KET! [\/et_pb_text][\/et_pb_column][\/et_pb_row][\/et_pb_section][et_pb_section fb_built=&#8221;1&#8243; admin_label=&#8221;section&#8221; _builder_version=&#8221;3.0.74&#8243; background_color=&#8221;#313f55&#8243; transparent_background=&#8221;off&#8221;][et_pb_row admin_label=&#8221;row&#8221; _builder_version=&#8221;3.0.48&#8243; background_size=&#8221;initial&#8221; background_position=&#8221;top_left&#8221; background_repeat=&#8221;repeat&#8221;][et_pb_column type=&#8221;1_4&#8243; _builder_version=&#8221;3.0.47&#8243; parallax=&#8221;off&#8221; parallax_method=&#8221;on&#8221;][et_pb_blurb title=&#8221;G\u00e9pk\u00f6lcs\u00f6nz\u0151&#8221; [&hellip;]<\/p>\n","protected":false},"author":2,"featured_media":0,"parent":0,"menu_order":1,"comment_status":"closed","ping_status":"closed","template":"","meta":{"_et_pb_use_builder":"on","_et_pb_old_content":"","_et_gb_content_width":""},"_links":{"self":[{"href":"https:\/\/www.sateam.hu\/wp-json\/wp\/v2\/pages\/3859"}],"collection":[{"href":"https:\/\/www.sateam.hu\/wp-json\/wp\/v2\/pages"}],"about":[{"href":"https:\/\/www.sateam.hu\/wp-json\/wp\/v2\/types\/page"}],"author":[{"embeddable":true,"href":"https:\/\/www.sateam.hu\/wp-json\/wp\/v2\/users\/2"}],"replies":[{"embeddable":true,"href":"https:\/\/www.sateam.hu\/wp-json\/wp\/v2\/comments?post=3859"}],"version-history":[{"count":12,"href":"https:\/\/www.sateam.hu\/wp-json\/wp\/v2\/pages\/3859\/revisions"}],"predecessor-version":[{"id":4716,"href":"https:\/\/www.sateam.hu\/wp-json\/wp\/v2\/pages\/3859\/revisions\/4716"}],"wp:attachment":[{"href":"https:\/\/www.sateam.hu\/wp-json\/wp\/v2\/media?parent=3859"}],"curies":[{"name":"wp","href":"https:\/\/api.w.org\/{rel}","templated":true}]}}